{"id":197,"date":"2025-10-12T08:58:17","date_gmt":"2025-10-12T08:58:17","guid":{"rendered":"https:\/\/yourlifeatlas.com\/?page_id=197"},"modified":"2025-11-23T00:30:28","modified_gmt":"2025-11-23T00:30:28","slug":"the-tools","status":"publish","type":"page","link":"https:\/\/yourlifeatlas.com\/de\/the-tools\/","title":{"rendered":"Die Werkzeuge"},"content":{"rendered":"<div data-elementor-type=\"wp-page\" data-elementor-id=\"197\" class=\"elementor elementor-197\" wpc-filter-elementor-widget=\"1\" data-elementor-post-type=\"page\">\n\t\t\t\t<div class=\"elementor-element elementor-element-328cd1f e-con-full e-flex e-con e-parent\" data-id=\"328cd1f\" data-element_type=\"container\" data-e-type=\"container\" data-settings=\"{&quot;background_background&quot;:&quot;classic&quot;}\">\n\t\t<div class=\"elementor-element elementor-element-b9b7ca2 e-flex e-con-boxed e-con e-child\" data-id=\"b9b7ca2\" data-element_type=\"container\" data-e-type=\"container\">\n\t\t\t\t\t<div class=\"e-con-inner\">\n\t\t\t\t<div class=\"elementor-element elementor-element-e45440d elementor-widget__width-inherit elementor-widget elementor-widget-heading\" data-id=\"e45440d\" data-element_type=\"widget\" data-e-type=\"widget\" data-widget_type=\"heading.default\">\n\t\t\t\t\t<h1 class=\"elementor-heading-title elementor-size-default\">Die Werkzeuge<\/h1>\t\t\t\t<\/div>\n\t\t\t\t\t<\/div>\n\t\t\t\t<\/div>\n\t\t\t\t<\/div>\n\t\t<div class=\"elementor-element elementor-element-4fc2b8f e-flex e-con-boxed e-con e-parent\" data-id=\"4fc2b8f\" data-element_type=\"container\" data-e-type=\"container\">\n\t\t\t\t\t<div class=\"e-con-inner\">\n\t\t\t\t<div class=\"elementor-element elementor-element-151f402 elementor-widget__width-inherit elementor-widget elementor-widget-heading\" data-id=\"151f402\" data-element_type=\"widget\" data-e-type=\"widget\" data-widget_type=\"heading.default\">\n\t\t\t\t\t<h6 class=\"elementor-heading-title elementor-size-default\">Erkennen Sie Ihre Begabung * Tun Sie, was Sie lieben\n<\/h6>\t\t\t\t<\/div>\n\t\t\t\t<div class=\"elementor-element elementor-element-a67dc3f elementor-widget__width-inherit elementor-widget elementor-widget-text-editor\" data-id=\"a67dc3f\" data-element_type=\"widget\" data-e-type=\"widget\" data-widget_type=\"text-editor.default\">\n\t\t\t\t\t\t\t\t\t<h2><strong>Unser<\/strong> Werkzeuge<\/h2>\t\t\t\t\t\t\t\t<\/div>\n\t\t<div class=\"elementor-element elementor-element-7616c78 e-con-full e-flex e-con e-child\" data-id=\"7616c78\" data-element_type=\"container\" data-e-type=\"container\">\n\t\t<div class=\"elementor-element elementor-element-307169c e-con-full e-flex e-con e-child\" data-id=\"307169c\" data-element_type=\"container\" data-e-type=\"container\">\n\t\t\t\t<div class=\"elementor-element elementor-element-ed8ba55 tools-inner-box elementor-position-top elementor-widget elementor-widget-image-box\" data-id=\"ed8ba55\" data-element_type=\"widget\" data-e-type=\"widget\" data-widget_type=\"image-box.default\">\n\t\t\t\t\t<div class=\"elementor-image-box-wrapper\"><figure class=\"elementor-image-box-img\"><img decoding=\"async\" width=\"110\" height=\"110\" src=\"https:\/\/yourlifeatlas.com\/wp-content\/uploads\/2025\/10\/Movement-1.png\" class=\"attachment-full size-full wp-image-129\" alt=\"\" \/><\/figure><div class=\"elementor-image-box-content\"><h3 class=\"elementor-image-box-title\">Geschenke Kompass Inventar\u00ae<\/h3><p class=\"elementor-image-box-description\">Das Gifts Compass Inventory\u00ae\n (GCI) ist eine Online-Selbsteinsch\u00e4tzung, mit der Sie Ihre besten Gaben ermitteln k\u00f6nnen. Es wurde von C.G. Jungs urspr\u00fcnglichem Modell der psychologischen Typen abgeleitet und wird von Psychologen und Beratern auf der ganzen Welt verwendet.<\/p><\/div><\/div>\t\t\t\t<\/div>\n\t\t\t\t<div class=\"elementor-element elementor-element-47232f3 elementor-absolute elementor-widget elementor-widget-heading\" data-id=\"47232f3\" data-element_type=\"widget\" data-e-type=\"widget\" data-settings=\"{&quot;_position&quot;:&quot;absolute&quot;}\" data-widget_type=\"heading.default\">\n\t\t\t\t\t<div class=\"elementor-heading-title elementor-size-default\"><a href=\"https:\/\/yourlifeatlas.com\/de\/gifts-compass-inventory\/\">Mehr erfahren<\/a><\/div>\t\t\t\t<\/div>\n\t\t\t\t<\/div>\n\t\t<div class=\"elementor-element elementor-element-90ce967 e-con-full e-flex e-con e-child\" data-id=\"90ce967\" data-element_type=\"container\" data-e-type=\"container\">\n\t\t\t\t<div class=\"elementor-element elementor-element-9669208 tools-inner-box elementor-position-top elementor-widget elementor-widget-image-box\" data-id=\"9669208\" data-element_type=\"widget\" data-e-type=\"widget\" data-widget_type=\"image-box.default\">\n\t\t\t\t\t<div class=\"elementor-image-box-wrapper\"><figure class=\"elementor-image-box-img\"><img decoding=\"async\" width=\"110\" height=\"110\" src=\"https:\/\/yourlifeatlas.com\/wp-content\/uploads\/2025\/10\/Discover-1.png\" class=\"attachment-full size-full wp-image-130\" alt=\"\" \/><\/figure><div class=\"elementor-image-box-content\"><h3 class=\"elementor-image-box-title\">Entdecken Sie Ihre Passion<\/h3><p class=\"elementor-image-box-description\">Diese Bewertung f\u00fchrt Sie durch eine Reihe von Schritten, um die Arbeit zu kl\u00e4ren, die Ihren St\u00e4rken, Interessen und Werten entspricht, die Ihnen am Herzen liegen.<\/p><\/div><\/div>\t\t\t\t<\/div>\n\t\t\t\t<div class=\"elementor-element elementor-element-5f3c0ab elementor-absolute elementor-widget elementor-widget-heading\" data-id=\"5f3c0ab\" data-element_type=\"widget\" data-e-type=\"widget\" data-settings=\"{&quot;_position&quot;:&quot;absolute&quot;}\" data-widget_type=\"heading.default\">\n\t\t\t\t\t<div class=\"elementor-heading-title elementor-size-default\"><a href=\"https:\/\/yourlifeatlas.com\/de\/discover-your-passion\/\">Mehr erfahren<\/a><\/div>\t\t\t\t<\/div>\n\t\t\t\t<\/div>\n\t\t<div class=\"elementor-element elementor-element-1f19a1a e-con-full e-flex e-con e-child\" data-id=\"1f19a1a\" data-element_type=\"container\" data-e-type=\"container\">\n\t\t\t\t<div class=\"elementor-element elementor-element-83aded8 tools-inner-box elementor-position-top elementor-widget elementor-widget-image-box\" data-id=\"83aded8\" data-element_type=\"widget\" data-e-type=\"widget\" data-widget_type=\"image-box.default\">\n\t\t\t\t\t<div class=\"elementor-image-box-wrapper\"><figure class=\"elementor-image-box-img\"><img decoding=\"async\" width=\"110\" height=\"110\" src=\"https:\/\/yourlifeatlas.com\/wp-content\/uploads\/2025\/10\/Growth-1.png\" class=\"attachment-full size-full wp-image-128\" alt=\"\" \/><\/figure><div class=\"elementor-image-box-content\"><h3 class=\"elementor-image-box-title\">Arbeitsprofil-Suite<\/h3><p class=\"elementor-image-box-description\">Beurteilen Sie die Gaben, die f\u00fcr eine Arbeit ben\u00f6tigt werden, oder die Arbeit, die Sie gerade aus\u00fcben, um zu sehen, wie gut Sie f\u00fcr diese Arbeit geeignet sind. St\u00f6bern Sie in unserer kostenlosen Berufsprofil-Datenbank, um herauszufinden, welche Begabungen in den f\u00fcr Sie interessanten Berufen am meisten gebraucht werden.<\/p><\/div><\/div>\t\t\t\t<\/div>\n\t\t\t\t<div class=\"elementor-element elementor-element-9625e21 elementor-absolute elementor-widget elementor-widget-heading\" data-id=\"9625e21\" data-element_type=\"widget\" data-e-type=\"widget\" data-settings=\"{&quot;_position&quot;:&quot;absolute&quot;}\" data-widget_type=\"heading.default\">\n\t\t\t\t\t<div class=\"elementor-heading-title elementor-size-default\"><a href=\"https:\/\/yourlifeatlas.com\/de\/work-profile-suite\/\">Mehr erfahren<\/a><\/div>\t\t\t\t<\/div>\n\t\t\t\t<\/div>\n\t\t\t\t<\/div>\n\t\t\t\t\t<\/div>\n\t\t\t\t<\/div>\n\t\t\t\t<\/div>","protected":false},"excerpt":{"rendered":"<p>The Tools Know How You Are Gifted * Do What You Love Our Tools Gifts Compass Inventory\u00ae The Gifts Compass Inventory\u00ae (GCI) is an online self-assessment that identifies your best gifts. Derived from C.G. Jung\u2019s original model of psychological types, it is used by psychologists and counselors world-wide. Learn more Discover Your Passion This assessment [&hellip;]<\/p>\n","protected":false},"author":2,"featured_media":0,"parent":0,"menu_order":0,"comment_status":"closed","ping_status":"closed","template":"","meta":{"_acf_changed":false,"footnotes":""},"class_list":["post-197","page","type-page","status-publish","hentry"],"acf":[],"yoast_head":"<!-- This site is optimized with the Yoast SEO Premium plugin v27.4 (Yoast SEO v27.4) - https:\/\/yoast.com\/product\/yoast-seo-premium-wordpress\/ -->\n<title>The Tools - Life Atlas<\/title>\n<meta name=\"robots\" content=\"index, follow, max-snippet:-1, max-image-preview:large, max-video-preview:-1\" \/>\n<link rel=\"canonical\" href=\"https:\/\/yourlifeatlas.com\/de\/the-tools\/\" \/>\n<meta property=\"og:locale\" content=\"de_DE\" \/>\n<meta property=\"og:type\" content=\"article\" \/>\n<meta property=\"og:title\" content=\"The Tools\" \/>\n<meta property=\"og:description\" content=\"The Tools Know How You Are Gifted * Do What You Love Our Tools Gifts Compass Inventory\u00ae The Gifts Compass Inventory\u00ae (GCI) is an online self-assessment that identifies your best gifts. Derived from C.G. Jung\u2019s original model of psychological types, it is used by psychologists and counselors world-wide. Learn more Discover Your Passion This assessment [&hellip;]\" \/>\n<meta property=\"og:url\" content=\"https:\/\/yourlifeatlas.com\/de\/the-tools\/\" \/>\n<meta property=\"og:site_name\" content=\"Life Atlas\" \/>\n<meta property=\"article:modified_time\" content=\"2025-11-23T00:30:28+00:00\" \/>\n<meta property=\"og:image\" content=\"https:\/\/yourlifeatlas.com\/wp-content\/uploads\/2025\/10\/Movement-1.png\" \/>\n<meta name=\"twitter:card\" content=\"summary_large_image\" \/>\n<meta name=\"twitter:label1\" content=\"Gesch\u00e4tzte Lesezeit\" \/>\n\t<meta name=\"twitter:data1\" content=\"1\u00a0Minute\" \/>\n<script type=\"application\/ld+json\" class=\"yoast-schema-graph\">{\"@context\":\"https:\\\/\\\/schema.org\",\"@graph\":[{\"@type\":\"WebPage\",\"@id\":\"https:\\\/\\\/yourlifeatlas.com\\\/the-tools\\\/\",\"url\":\"https:\\\/\\\/yourlifeatlas.com\\\/the-tools\\\/\",\"name\":\"The Tools - Life Atlas\",\"isPartOf\":{\"@id\":\"https:\\\/\\\/yourlifeatlas.com\\\/#website\"},\"primaryImageOfPage\":{\"@id\":\"https:\\\/\\\/yourlifeatlas.com\\\/the-tools\\\/#primaryimage\"},\"image\":{\"@id\":\"https:\\\/\\\/yourlifeatlas.com\\\/the-tools\\\/#primaryimage\"},\"thumbnailUrl\":\"https:\\\/\\\/yourlifeatlas.com\\\/wp-content\\\/uploads\\\/2025\\\/10\\\/Movement-1.png\",\"datePublished\":\"2025-10-12T08:58:17+00:00\",\"dateModified\":\"2025-11-23T00:30:28+00:00\",\"breadcrumb\":{\"@id\":\"https:\\\/\\\/yourlifeatlas.com\\\/the-tools\\\/#breadcrumb\"},\"inLanguage\":\"de\",\"potentialAction\":[{\"@type\":\"ReadAction\",\"target\":[\"https:\\\/\\\/yourlifeatlas.com\\\/the-tools\\\/\"]}]},{\"@type\":\"ImageObject\",\"inLanguage\":\"de\",\"@id\":\"https:\\\/\\\/yourlifeatlas.com\\\/the-tools\\\/#primaryimage\",\"url\":\"https:\\\/\\\/yourlifeatlas.com\\\/wp-content\\\/uploads\\\/2025\\\/10\\\/Movement-1.png\",\"contentUrl\":\"https:\\\/\\\/yourlifeatlas.com\\\/wp-content\\\/uploads\\\/2025\\\/10\\\/Movement-1.png\"},{\"@type\":\"BreadcrumbList\",\"@id\":\"https:\\\/\\\/yourlifeatlas.com\\\/the-tools\\\/#breadcrumb\",\"itemListElement\":[{\"@type\":\"ListItem\",\"position\":1,\"name\":\"Home\",\"item\":\"https:\\\/\\\/yourlifeatlas.com\\\/\"},{\"@type\":\"ListItem\",\"position\":2,\"name\":\"The Tools\"}]},{\"@type\":\"WebSite\",\"@id\":\"https:\\\/\\\/yourlifeatlas.com\\\/#website\",\"url\":\"https:\\\/\\\/yourlifeatlas.com\\\/\",\"name\":\"Life Atlas\",\"description\":\"\",\"potentialAction\":[{\"@type\":\"SearchAction\",\"target\":{\"@type\":\"EntryPoint\",\"urlTemplate\":\"https:\\\/\\\/yourlifeatlas.com\\\/?s={search_term_string}\"},\"query-input\":{\"@type\":\"PropertyValueSpecification\",\"valueRequired\":true,\"valueName\":\"search_term_string\"}}],\"inLanguage\":\"de\"}]}<\/script>\n<!-- \/ Yoast SEO Premium plugin. -->","yoast_head_json":{"title":"The Tools - Life Atlas","robots":{"index":"index","follow":"follow","max-snippet":"max-snippet:-1","max-image-preview":"max-image-preview:large","max-video-preview":"max-video-preview:-1"},"canonical":"https:\/\/yourlifeatlas.com\/de\/the-tools\/","og_locale":"de_DE","og_type":"article","og_title":"The Tools","og_description":"The Tools Know How You Are Gifted * Do What You Love Our Tools Gifts Compass Inventory\u00ae The Gifts Compass Inventory\u00ae (GCI) is an online self-assessment that identifies your best gifts. Derived from C.G. Jung\u2019s original model of psychological types, it is used by psychologists and counselors world-wide. Learn more Discover Your Passion This assessment [&hellip;]","og_url":"https:\/\/yourlifeatlas.com\/de\/the-tools\/","og_site_name":"Life Atlas","article_modified_time":"2025-11-23T00:30:28+00:00","og_image":[{"url":"https:\/\/yourlifeatlas.com\/wp-content\/uploads\/2025\/10\/Movement-1.png","type":"","width":"","height":""}],"twitter_card":"summary_large_image","twitter_misc":{"Gesch\u00e4tzte Lesezeit":"1\u00a0Minute"},"schema":{"@context":"https:\/\/schema.org","@graph":[{"@type":"WebPage","@id":"https:\/\/yourlifeatlas.com\/the-tools\/","url":"https:\/\/yourlifeatlas.com\/the-tools\/","name":"The Tools - Life Atlas","isPartOf":{"@id":"https:\/\/yourlifeatlas.com\/#website"},"primaryImageOfPage":{"@id":"https:\/\/yourlifeatlas.com\/the-tools\/#primaryimage"},"image":{"@id":"https:\/\/yourlifeatlas.com\/the-tools\/#primaryimage"},"thumbnailUrl":"https:\/\/yourlifeatlas.com\/wp-content\/uploads\/2025\/10\/Movement-1.png","datePublished":"2025-10-12T08:58:17+00:00","dateModified":"2025-11-23T00:30:28+00:00","breadcrumb":{"@id":"https:\/\/yourlifeatlas.com\/the-tools\/#breadcrumb"},"inLanguage":"de","potentialAction":[{"@type":"ReadAction","target":["https:\/\/yourlifeatlas.com\/the-tools\/"]}]},{"@type":"ImageObject","inLanguage":"de","@id":"https:\/\/yourlifeatlas.com\/the-tools\/#primaryimage","url":"https:\/\/yourlifeatlas.com\/wp-content\/uploads\/2025\/10\/Movement-1.png","contentUrl":"https:\/\/yourlifeatlas.com\/wp-content\/uploads\/2025\/10\/Movement-1.png"},{"@type":"BreadcrumbList","@id":"https:\/\/yourlifeatlas.com\/the-tools\/#breadcrumb","itemListElement":[{"@type":"ListItem","position":1,"name":"Home","item":"https:\/\/yourlifeatlas.com\/"},{"@type":"ListItem","position":2,"name":"The Tools"}]},{"@type":"WebSite","@id":"https:\/\/yourlifeatlas.com\/#website","url":"https:\/\/yourlifeatlas.com\/","name":"Lebensatlas","description":"","potentialAction":[{"@type":"SearchAction","target":{"@type":"EntryPoint","urlTemplate":"https:\/\/yourlifeatlas.com\/?s={search_term_string}"},"query-input":{"@type":"PropertyValueSpecification","valueRequired":true,"valueName":"search_term_string"}}],"inLanguage":"de"}]}},"_links":{"self":[{"href":"https:\/\/yourlifeatlas.com\/de\/wp-json\/wp\/v2\/pages\/197","targetHints":{"allow":["GET"]}}],"collection":[{"href":"https:\/\/yourlifeatlas.com\/de\/wp-json\/wp\/v2\/pages"}],"about":[{"href":"https:\/\/yourlifeatlas.com\/de\/wp-json\/wp\/v2\/types\/page"}],"author":[{"embeddable":true,"href":"https:\/\/yourlifeatlas.com\/de\/wp-json\/wp\/v2\/users\/2"}],"replies":[{"embeddable":true,"href":"https:\/\/yourlifeatlas.com\/de\/wp-json\/wp\/v2\/comments?post=197"}],"version-history":[{"count":1,"href":"https:\/\/yourlifeatlas.com\/de\/wp-json\/wp\/v2\/pages\/197\/revisions"}],"predecessor-version":[{"id":198,"href":"https:\/\/yourlifeatlas.com\/de\/wp-json\/wp\/v2\/pages\/197\/revisions\/198"}],"wp:attachment":[{"href":"https:\/\/yourlifeatlas.com\/de\/wp-json\/wp\/v2\/media?parent=197"}],"curies":[{"name":"wp","href":"https:\/\/api.w.org\/{rel}","templated":true}]}}