{"id":199,"date":"2025-10-12T08:58:38","date_gmt":"2025-10-12T08:58:38","guid":{"rendered":"https:\/\/yourlifeatlas.com\/?page_id=199"},"modified":"2025-11-23T00:44:24","modified_gmt":"2025-11-23T00:44:24","slug":"user-groups","status":"publish","type":"page","link":"https:\/\/yourlifeatlas.com\/de\/user-groups\/","title":{"rendered":"Benutzergruppen"},"content":{"rendered":"<div data-elementor-type=\"wp-page\" data-elementor-id=\"199\" class=\"elementor elementor-199\" wpc-filter-elementor-widget=\"1\" data-elementor-post-type=\"page\">\n\t\t\t\t<div class=\"elementor-element elementor-element-efc9d17 e-con-full e-flex e-con e-parent\" data-id=\"efc9d17\" data-element_type=\"container\" data-e-type=\"container\" data-settings=\"{&quot;background_background&quot;:&quot;classic&quot;}\">\n\t\t<div class=\"elementor-element elementor-element-a7d5e51 e-flex e-con-boxed e-con e-child\" data-id=\"a7d5e51\" data-element_type=\"container\" data-e-type=\"container\">\n\t\t\t\t\t<div class=\"e-con-inner\">\n\t\t\t\t<div class=\"elementor-element elementor-element-bc6961e elementor-widget__width-inherit elementor-widget elementor-widget-heading\" data-id=\"bc6961e\" data-element_type=\"widget\" data-e-type=\"widget\" data-widget_type=\"heading.default\">\n\t\t\t\t\t<h1 class=\"elementor-heading-title elementor-size-default\">Benutzergruppen<\/h1>\t\t\t\t<\/div>\n\t\t\t\t\t<\/div>\n\t\t\t\t<\/div>\n\t\t\t\t<\/div>\n\t\t<div class=\"elementor-element elementor-element-980d88e e-flex e-con-boxed e-con e-parent\" data-id=\"980d88e\" data-element_type=\"container\" data-e-type=\"container\">\n\t\t\t\t\t<div class=\"e-con-inner\">\n\t\t\t\t<div class=\"elementor-element elementor-element-e8f2cc2 elementor-widget__width-inherit elementor-widget elementor-widget-heading\" data-id=\"e8f2cc2\" data-element_type=\"widget\" data-e-type=\"widget\" data-widget_type=\"heading.default\">\n\t\t\t\t\t<h6 class=\"elementor-heading-title elementor-size-default\">Wachstum im Leben und bei der Arbeit f\u00f6rdern<\/h6>\t\t\t\t<\/div>\n\t\t\t\t<div class=\"elementor-element elementor-element-8c8069f elementor-widget__width-inherit elementor-widget elementor-widget-text-editor\" data-id=\"8c8069f\" data-element_type=\"widget\" data-e-type=\"widget\" data-widget_type=\"text-editor.default\">\n\t\t\t\t\t\t\t\t\t<h2>Unterst\u00fctzung des Wachstums in <strong>Leben und Arbeit<\/strong><\/h2>\t\t\t\t\t\t\t\t<\/div>\n\t\t<div class=\"elementor-element elementor-element-eae7e11 e-con-full e-flex e-con e-child\" data-id=\"eae7e11\" data-element_type=\"container\" data-e-type=\"container\">\n\t\t<div class=\"elementor-element elementor-element-c62e1f4 e-con-full user-group-grid-item e-flex e-con e-child\" data-id=\"c62e1f4\" data-element_type=\"container\" data-e-type=\"container\">\n\t\t\t\t<div class=\"elementor-element elementor-element-fa9cbba tools-inner-box elementor-position-top elementor-widget elementor-widget-image-box\" data-id=\"fa9cbba\" data-element_type=\"widget\" data-e-type=\"widget\" data-widget_type=\"image-box.default\">\n\t\t\t\t\t<div class=\"elementor-image-box-wrapper\"><figure class=\"elementor-image-box-img\"><img fetchpriority=\"high\" decoding=\"async\" width=\"356\" height=\"345\" src=\"https:\/\/yourlifeatlas.com\/wp-content\/uploads\/2025\/10\/user-group1.webp\" class=\"attachment-full size-full wp-image-142\" alt=\"\" srcset=\"https:\/\/yourlifeatlas.com\/wp-content\/uploads\/2025\/10\/user-group1.webp 356w, https:\/\/yourlifeatlas.com\/wp-content\/uploads\/2025\/10\/user-group1-300x291.webp 300w\" sizes=\"(max-width: 356px) 100vw, 356px\" \/><\/figure><div class=\"elementor-image-box-content\"><h4 class=\"elementor-image-box-title\">H\u00f6here Bildung<\/h4><p class=\"elementor-image-box-description\">Life Atlas\u00ae hilft Sch\u00fclern dabei, ihre nat\u00fcrlichen Talente zu entdecken, ihre Ziele zu kl\u00e4ren,\nund das pers\u00f6nliche Wachstum durch eine dynamische Reihe von Online-Tools zu f\u00f6rdern, die das Selbstbewusstsein, die\nWiderstandsf\u00e4higkeit und Orientierung. Durch die F\u00f6rderung eines gemeinsamen Verst\u00e4ndnisses f\u00fcr individuelle St\u00e4rken und\npsychologischen Vielfalt verbessert Life Atlas\u00ae die Beziehungen auf dem Campus, st\u00e4rkt die\nGemeinschaft durch Verbindungen zwischen Alumni und Studenten und f\u00f6rdert eine mitf\u00fchlende, zielgerichtete Kultur.<\/p><\/div><\/div>\t\t\t\t<\/div>\n\t\t\t\t<div class=\"elementor-element elementor-element-3fcef80 elementor-absolute elementor-widget elementor-widget-heading\" data-id=\"3fcef80\" data-element_type=\"widget\" data-e-type=\"widget\" data-settings=\"{&quot;_position&quot;:&quot;absolute&quot;}\" data-widget_type=\"heading.default\">\n\t\t\t\t\t<div class=\"elementor-heading-title elementor-size-default\"><a href=\"https:\/\/yourlifeatlas.com\/de\/higher-education\/\">Mehr lesen<\/a><\/div>\t\t\t\t<\/div>\n\t\t\t\t<\/div>\n\t\t<div class=\"elementor-element elementor-element-c1edac0 e-con-full user-group-grid-item e-flex e-con e-child\" data-id=\"c1edac0\" data-element_type=\"container\" data-e-type=\"container\">\n\t\t\t\t<div class=\"elementor-element elementor-element-a0d69ab tools-inner-box elementor-position-top elementor-widget elementor-widget-image-box\" data-id=\"a0d69ab\" data-element_type=\"widget\" data-e-type=\"widget\" data-widget_type=\"image-box.default\">\n\t\t\t\t\t<div class=\"elementor-image-box-wrapper\"><figure class=\"elementor-image-box-img\"><img decoding=\"async\" width=\"355\" height=\"345\" src=\"https:\/\/yourlifeatlas.com\/wp-content\/uploads\/2025\/11\/Untitled-design-7.png\" class=\"attachment-full size-full wp-image-3108\" alt=\"\" srcset=\"https:\/\/yourlifeatlas.com\/wp-content\/uploads\/2025\/11\/Untitled-design-7.png 355w, https:\/\/yourlifeatlas.com\/wp-content\/uploads\/2025\/11\/Untitled-design-7-300x292.png 300w\" sizes=\"(max-width: 355px) 100vw, 355px\" \/><\/figure><div class=\"elementor-image-box-content\"><h4 class=\"elementor-image-box-title\">Glaubensgemeinschaften<\/h4><p class=\"elementor-image-box-description\">Life Atlas\u00ae f\u00f6rdert eine Kultur des Wachstums, der Zugeh\u00f6rigkeit und der Zielsetzung und hilft Menschen, ihren Glauben durch den authentischen Ausdruck ihrer Gaben zu leben. Wir helfen Gemeinden, ein tieferes Selbstverst\u00e4ndnis zu entwickeln, Beziehungen zu st\u00e4rken und sinnvolle Dienste zu leisten. Die Mitglieder gewinnen Klarheit dar\u00fcber, wie sie mit ihren einzigartigen St\u00e4rken zum Leben und zum Auftrag der Gemeinschaft beitragen k\u00f6nnen, w\u00e4hrend die F\u00fchrungskr\u00e4fte andere mit mehr Einsicht und Mitgef\u00fchl anleiten k\u00f6nnen. <\/p><\/div><\/div>\t\t\t\t<\/div>\n\t\t\t\t<div class=\"elementor-element elementor-element-a509298 elementor-absolute elementor-widget elementor-widget-heading\" data-id=\"a509298\" data-element_type=\"widget\" data-e-type=\"widget\" data-settings=\"{&quot;_position&quot;:&quot;absolute&quot;}\" data-widget_type=\"heading.default\">\n\t\t\t\t\t<div class=\"elementor-heading-title elementor-size-default\"><a href=\"https:\/\/yourlifeatlas.com\/de\/faith-communities\/\">Mehr lesen<\/a><\/div>\t\t\t\t<\/div>\n\t\t\t\t<\/div>\n\t\t<div class=\"elementor-element elementor-element-0b00b61 e-con-full user-group-grid-item e-flex e-con e-child\" data-id=\"0b00b61\" data-element_type=\"container\" data-e-type=\"container\">\n\t\t\t\t<div class=\"elementor-element elementor-element-ca1d12c tools-inner-box elementor-position-top elementor-widget elementor-widget-image-box\" data-id=\"ca1d12c\" data-element_type=\"widget\" data-e-type=\"widget\" data-widget_type=\"image-box.default\">\n\t\t\t\t\t<div class=\"elementor-image-box-wrapper\"><figure class=\"elementor-image-box-img\"><img decoding=\"async\" width=\"355\" height=\"345\" src=\"https:\/\/yourlifeatlas.com\/wp-content\/uploads\/2025\/11\/Untitled-design-8-1.png\" class=\"attachment-full size-full wp-image-3177\" alt=\"\" srcset=\"https:\/\/yourlifeatlas.com\/wp-content\/uploads\/2025\/11\/Untitled-design-8-1.png 355w, https:\/\/yourlifeatlas.com\/wp-content\/uploads\/2025\/11\/Untitled-design-8-1-300x292.png 300w\" sizes=\"(max-width: 355px) 100vw, 355px\" \/><\/figure><div class=\"elementor-image-box-content\"><h4 class=\"elementor-image-box-title\">Organisationen<\/h4><p class=\"elementor-image-box-description\">Life Atlas\u00ae hilft Unternehmen, das Beste aus ihren Mitarbeitern herauszuholen, indem sie die individuellen Begabungen mit den Aufgaben in Einklang bringen, in denen sie sich entfalten k\u00f6nnen. Unsere validierten Tools bieten tiefe Einblicke in St\u00e4rken, Motivationen und Kommunikationsstile. Dieses Verst\u00e4ndnis verbessert die Teamarbeit, die Entwicklung von F\u00fchrungsqualit\u00e4ten und das Engagement der Mitarbeiter, w\u00e4hrend Fluktuation und Burnout reduziert werden. Life Atlas\u00ae hilft bei der Schaffung von Arbeitspl\u00e4tzen, an denen Menschen ihre nat\u00fcrlichen Talente einbringen und einen Sinn in ihrer Arbeit finden.<\/p><\/div><\/div>\t\t\t\t<\/div>\n\t\t\t\t<div class=\"elementor-element elementor-element-3d8161f elementor-absolute elementor-widget elementor-widget-heading\" data-id=\"3d8161f\" data-element_type=\"widget\" data-e-type=\"widget\" data-settings=\"{&quot;_position&quot;:&quot;absolute&quot;}\" data-widget_type=\"heading.default\">\n\t\t\t\t\t<div class=\"elementor-heading-title elementor-size-default\"><a href=\"https:\/\/yourlifeatlas.com\/de\/for-organizations\/\">Mehr lesen<\/a><\/div>\t\t\t\t<\/div>\n\t\t\t\t<\/div>\n\t\t<div class=\"elementor-element elementor-element-7b20271 e-con-full user-group-grid-item e-flex e-con e-child\" data-id=\"7b20271\" data-element_type=\"container\" data-e-type=\"container\">\n\t\t\t\t<div class=\"elementor-element elementor-element-1bb1c0b tools-inner-box elementor-position-top elementor-widget elementor-widget-image-box\" data-id=\"1bb1c0b\" data-element_type=\"widget\" data-e-type=\"widget\" data-widget_type=\"image-box.default\">\n\t\t\t\t\t<div class=\"elementor-image-box-wrapper\"><figure class=\"elementor-image-box-img\"><img loading=\"lazy\" decoding=\"async\" width=\"355\" height=\"345\" src=\"https:\/\/yourlifeatlas.com\/wp-content\/uploads\/2025\/11\/Untitled-design-9.png\" class=\"attachment-full size-full wp-image-3112\" alt=\"\" srcset=\"https:\/\/yourlifeatlas.com\/wp-content\/uploads\/2025\/11\/Untitled-design-9.png 355w, https:\/\/yourlifeatlas.com\/wp-content\/uploads\/2025\/11\/Untitled-design-9-300x292.png 300w\" sizes=\"(max-width: 355px) 100vw, 355px\" \/><\/figure><div class=\"elementor-image-box-content\"><h4 class=\"elementor-image-box-title\">Praktizierende<\/h4><p class=\"elementor-image-box-description\">Der Lebensatlas\u00ae bietet Praktikern einen umfassenden Rahmen f\u00fcr die Begleitung von pers\u00f6nlichem Wachstum und beruflicher Klarheit. Basierend auf den grundlegenden Erkenntnissen von C. G. Jung helfen unsere Werkzeuge den Klienten, ihre nat\u00fcrlichen Gaben zu erkennen, ihr Selbstverst\u00e4ndnis zu vertiefen und ihr Leben auf einen gr\u00f6\u00dferen Zweck auszurichten. Ob in der Beratung, im Coaching, in der Seelsorge oder in der Organisationsentwicklung, Life Atlas\u00ae verbessert Ihre berufliche Praxis durch validierte Bewertungen, klare Interpretationsmodelle und eine unterst\u00fctzende Gemeinschaft von Gleichgesinnten. Er versetzt Sie in die Lage, anderen zu helfen, nicht nur zu verstehen, wer sie sind, sondern auch zu werden, wozu sie berufen sind.<\/p><\/div><\/div>\t\t\t\t<\/div>\n\t\t\t\t<div class=\"elementor-element elementor-element-48c5de5 elementor-absolute elementor-widget elementor-widget-heading\" data-id=\"48c5de5\" data-element_type=\"widget\" data-e-type=\"widget\" data-settings=\"{&quot;_position&quot;:&quot;absolute&quot;}\" data-widget_type=\"heading.default\">\n\t\t\t\t\t<div class=\"elementor-heading-title elementor-size-default\"><a href=\"https:\/\/yourlifeatlas.com\/de\/practitioners\/\">Mehr lesen<\/a><\/div>\t\t\t\t<\/div>\n\t\t\t\t<\/div>\n\t\t\t\t<\/div>\n\t\t\t\t\t<\/div>\n\t\t\t\t<\/div>\n\t\t\t\t<\/div>","protected":false},"excerpt":{"rendered":"<p>User Groups Empowering Growth Across Life &amp; Work Supporting Growth in Life &#038; Work Higher Education Life Atlas\u00ae assists students in discovering their natural talents, clarifying their purpose, and advancing personal growth through a dynamic suite of online tools that build self-awareness, resilience, and direction. By fostering a shared sense of understanding of individual strengths [&hellip;]<\/p>\n","protected":false},"author":2,"featured_media":0,"parent":0,"menu_order":0,"comment_status":"closed","ping_status":"closed","template":"","meta":{"_acf_changed":false,"footnotes":""},"class_list":["post-199","page","type-page","status-publish","hentry"],"acf":[],"yoast_head":"<!-- This site is optimized with the Yoast SEO Premium plugin v27.4 (Yoast SEO v27.4) - https:\/\/yoast.com\/product\/yoast-seo-premium-wordpress\/ -->\n<title>User Groups - Life Atlas<\/title>\n<meta name=\"robots\" content=\"index, follow, max-snippet:-1, max-image-preview:large, max-video-preview:-1\" \/>\n<link rel=\"canonical\" href=\"https:\/\/yourlifeatlas.com\/de\/user-groups\/\" \/>\n<meta property=\"og:locale\" content=\"de_DE\" \/>\n<meta property=\"og:type\" content=\"article\" \/>\n<meta property=\"og:title\" content=\"User Groups\" \/>\n<meta property=\"og:description\" content=\"User Groups Empowering Growth Across Life &amp; Work Supporting Growth in Life &#038; Work Higher Education Life Atlas\u00ae assists students in discovering their natural talents, clarifying their purpose, and advancing personal growth through a dynamic suite of online tools that build self-awareness, resilience, and direction. By fostering a shared sense of understanding of individual strengths [&hellip;]\" \/>\n<meta property=\"og:url\" content=\"https:\/\/yourlifeatlas.com\/de\/user-groups\/\" \/>\n<meta property=\"og:site_name\" content=\"Life Atlas\" \/>\n<meta property=\"article:modified_time\" content=\"2025-11-23T00:44:24+00:00\" \/>\n<meta property=\"og:image\" content=\"https:\/\/yourlifeatlas.com\/wp-content\/uploads\/2025\/10\/user-group1.webp\" \/>\n<meta name=\"twitter:card\" content=\"summary_large_image\" \/>\n<meta name=\"twitter:label1\" content=\"Gesch\u00e4tzte Lesezeit\" \/>\n\t<meta name=\"twitter:data1\" content=\"1\u00a0Minute\" \/>\n<script type=\"application\/ld+json\" class=\"yoast-schema-graph\">{\"@context\":\"https:\\\/\\\/schema.org\",\"@graph\":[{\"@type\":\"WebPage\",\"@id\":\"https:\\\/\\\/yourlifeatlas.com\\\/user-groups\\\/\",\"url\":\"https:\\\/\\\/yourlifeatlas.com\\\/user-groups\\\/\",\"name\":\"User Groups - Life Atlas\",\"isPartOf\":{\"@id\":\"https:\\\/\\\/yourlifeatlas.com\\\/#website\"},\"primaryImageOfPage\":{\"@id\":\"https:\\\/\\\/yourlifeatlas.com\\\/user-groups\\\/#primaryimage\"},\"image\":{\"@id\":\"https:\\\/\\\/yourlifeatlas.com\\\/user-groups\\\/#primaryimage\"},\"thumbnailUrl\":\"https:\\\/\\\/yourlifeatlas.com\\\/wp-content\\\/uploads\\\/2025\\\/10\\\/user-group1.webp\",\"datePublished\":\"2025-10-12T08:58:38+00:00\",\"dateModified\":\"2025-11-23T00:44:24+00:00\",\"breadcrumb\":{\"@id\":\"https:\\\/\\\/yourlifeatlas.com\\\/user-groups\\\/#breadcrumb\"},\"inLanguage\":\"de\",\"potentialAction\":[{\"@type\":\"ReadAction\",\"target\":[\"https:\\\/\\\/yourlifeatlas.com\\\/user-groups\\\/\"]}]},{\"@type\":\"ImageObject\",\"inLanguage\":\"de\",\"@id\":\"https:\\\/\\\/yourlifeatlas.com\\\/user-groups\\\/#primaryimage\",\"url\":\"https:\\\/\\\/yourlifeatlas.com\\\/wp-content\\\/uploads\\\/2025\\\/10\\\/user-group1.webp\",\"contentUrl\":\"https:\\\/\\\/yourlifeatlas.com\\\/wp-content\\\/uploads\\\/2025\\\/10\\\/user-group1.webp\"},{\"@type\":\"BreadcrumbList\",\"@id\":\"https:\\\/\\\/yourlifeatlas.com\\\/user-groups\\\/#breadcrumb\",\"itemListElement\":[{\"@type\":\"ListItem\",\"position\":1,\"name\":\"Home\",\"item\":\"https:\\\/\\\/yourlifeatlas.com\\\/\"},{\"@type\":\"ListItem\",\"position\":2,\"name\":\"User Groups\"}]},{\"@type\":\"WebSite\",\"@id\":\"https:\\\/\\\/yourlifeatlas.com\\\/#website\",\"url\":\"https:\\\/\\\/yourlifeatlas.com\\\/\",\"name\":\"Life Atlas\",\"description\":\"\",\"potentialAction\":[{\"@type\":\"SearchAction\",\"target\":{\"@type\":\"EntryPoint\",\"urlTemplate\":\"https:\\\/\\\/yourlifeatlas.com\\\/?s={search_term_string}\"},\"query-input\":{\"@type\":\"PropertyValueSpecification\",\"valueRequired\":true,\"valueName\":\"search_term_string\"}}],\"inLanguage\":\"de\"}]}<\/script>\n<!-- \/ Yoast SEO Premium plugin. -->","yoast_head_json":{"title":"User Groups - Life Atlas","robots":{"index":"index","follow":"follow","max-snippet":"max-snippet:-1","max-image-preview":"max-image-preview:large","max-video-preview":"max-video-preview:-1"},"canonical":"https:\/\/yourlifeatlas.com\/de\/user-groups\/","og_locale":"de_DE","og_type":"article","og_title":"User Groups","og_description":"User Groups Empowering Growth Across Life &amp; Work Supporting Growth in Life &#038; Work Higher Education Life Atlas\u00ae assists students in discovering their natural talents, clarifying their purpose, and advancing personal growth through a dynamic suite of online tools that build self-awareness, resilience, and direction. By fostering a shared sense of understanding of individual strengths [&hellip;]","og_url":"https:\/\/yourlifeatlas.com\/de\/user-groups\/","og_site_name":"Life Atlas","article_modified_time":"2025-11-23T00:44:24+00:00","og_image":[{"url":"https:\/\/yourlifeatlas.com\/wp-content\/uploads\/2025\/10\/user-group1.webp","type":"","width":"","height":""}],"twitter_card":"summary_large_image","twitter_misc":{"Gesch\u00e4tzte Lesezeit":"1\u00a0Minute"},"schema":{"@context":"https:\/\/schema.org","@graph":[{"@type":"WebPage","@id":"https:\/\/yourlifeatlas.com\/user-groups\/","url":"https:\/\/yourlifeatlas.com\/user-groups\/","name":"User Groups - Life Atlas","isPartOf":{"@id":"https:\/\/yourlifeatlas.com\/#website"},"primaryImageOfPage":{"@id":"https:\/\/yourlifeatlas.com\/user-groups\/#primaryimage"},"image":{"@id":"https:\/\/yourlifeatlas.com\/user-groups\/#primaryimage"},"thumbnailUrl":"https:\/\/yourlifeatlas.com\/wp-content\/uploads\/2025\/10\/user-group1.webp","datePublished":"2025-10-12T08:58:38+00:00","dateModified":"2025-11-23T00:44:24+00:00","breadcrumb":{"@id":"https:\/\/yourlifeatlas.com\/user-groups\/#breadcrumb"},"inLanguage":"de","potentialAction":[{"@type":"ReadAction","target":["https:\/\/yourlifeatlas.com\/user-groups\/"]}]},{"@type":"ImageObject","inLanguage":"de","@id":"https:\/\/yourlifeatlas.com\/user-groups\/#primaryimage","url":"https:\/\/yourlifeatlas.com\/wp-content\/uploads\/2025\/10\/user-group1.webp","contentUrl":"https:\/\/yourlifeatlas.com\/wp-content\/uploads\/2025\/10\/user-group1.webp"},{"@type":"BreadcrumbList","@id":"https:\/\/yourlifeatlas.com\/user-groups\/#breadcrumb","itemListElement":[{"@type":"ListItem","position":1,"name":"Home","item":"https:\/\/yourlifeatlas.com\/"},{"@type":"ListItem","position":2,"name":"User Groups"}]},{"@type":"WebSite","@id":"https:\/\/yourlifeatlas.com\/#website","url":"https:\/\/yourlifeatlas.com\/","name":"Lebensatlas","description":"","potentialAction":[{"@type":"SearchAction","target":{"@type":"EntryPoint","urlTemplate":"https:\/\/yourlifeatlas.com\/?s={search_term_string}"},"query-input":{"@type":"PropertyValueSpecification","valueRequired":true,"valueName":"search_term_string"}}],"inLanguage":"de"}]}},"_links":{"self":[{"href":"https:\/\/yourlifeatlas.com\/de\/wp-json\/wp\/v2\/pages\/199","targetHints":{"allow":["GET"]}}],"collection":[{"href":"https:\/\/yourlifeatlas.com\/de\/wp-json\/wp\/v2\/pages"}],"about":[{"href":"https:\/\/yourlifeatlas.com\/de\/wp-json\/wp\/v2\/types\/page"}],"author":[{"embeddable":true,"href":"https:\/\/yourlifeatlas.com\/de\/wp-json\/wp\/v2\/users\/2"}],"replies":[{"embeddable":true,"href":"https:\/\/yourlifeatlas.com\/de\/wp-json\/wp\/v2\/comments?post=199"}],"version-history":[{"count":1,"href":"https:\/\/yourlifeatlas.com\/de\/wp-json\/wp\/v2\/pages\/199\/revisions"}],"predecessor-version":[{"id":200,"href":"https:\/\/yourlifeatlas.com\/de\/wp-json\/wp\/v2\/pages\/199\/revisions\/200"}],"wp:attachment":[{"href":"https:\/\/yourlifeatlas.com\/de\/wp-json\/wp\/v2\/media?parent=199"}],"curies":[{"name":"wp","href":"https:\/\/api.w.org\/{rel}","templated":true}]}}