{"id":199,"date":"2025-10-12T08:58:38","date_gmt":"2025-10-12T08:58:38","guid":{"rendered":"https:\/\/yourlifeatlas.com\/?page_id=199"},"modified":"2025-11-23T00:44:24","modified_gmt":"2025-11-23T00:44:24","slug":"user-groups","status":"publish","type":"page","link":"https:\/\/yourlifeatlas.com\/es\/user-groups\/","title":{"rendered":"Grupos de usuarios"},"content":{"rendered":"<div data-elementor-type=\"wp-page\" data-elementor-id=\"199\" class=\"elementor elementor-199\" wpc-filter-elementor-widget=\"1\" data-elementor-post-type=\"page\">\n\t\t\t\t<div class=\"elementor-element elementor-element-efc9d17 e-con-full e-flex e-con e-parent\" data-id=\"efc9d17\" data-element_type=\"container\" data-e-type=\"container\" data-settings=\"{&quot;background_background&quot;:&quot;classic&quot;}\">\n\t\t<div class=\"elementor-element elementor-element-a7d5e51 e-flex e-con-boxed e-con e-child\" data-id=\"a7d5e51\" data-element_type=\"container\" data-e-type=\"container\">\n\t\t\t\t\t<div class=\"e-con-inner\">\n\t\t\t\t<div class=\"elementor-element elementor-element-bc6961e elementor-widget__width-inherit elementor-widget elementor-widget-heading\" data-id=\"bc6961e\" data-element_type=\"widget\" data-e-type=\"widget\" data-widget_type=\"heading.default\">\n\t\t\t\t\t<h1 class=\"elementor-heading-title elementor-size-default\">Grupos de usuarios<\/h1>\t\t\t\t<\/div>\n\t\t\t\t\t<\/div>\n\t\t\t\t<\/div>\n\t\t\t\t<\/div>\n\t\t<div class=\"elementor-element elementor-element-980d88e e-flex e-con-boxed e-con e-parent\" data-id=\"980d88e\" data-element_type=\"container\" data-e-type=\"container\">\n\t\t\t\t\t<div class=\"e-con-inner\">\n\t\t\t\t<div class=\"elementor-element elementor-element-e8f2cc2 elementor-widget__width-inherit elementor-widget elementor-widget-heading\" data-id=\"e8f2cc2\" data-element_type=\"widget\" data-e-type=\"widget\" data-widget_type=\"heading.default\">\n\t\t\t\t\t<h6 class=\"elementor-heading-title elementor-size-default\">Potenciando el crecimiento en la vida y el trabajo<\/h6>\t\t\t\t<\/div>\n\t\t\t\t<div class=\"elementor-element elementor-element-8c8069f elementor-widget__width-inherit elementor-widget elementor-widget-text-editor\" data-id=\"8c8069f\" data-element_type=\"widget\" data-e-type=\"widget\" data-widget_type=\"text-editor.default\">\n\t\t\t\t\t\t\t\t\t<h2>Apoyando el crecimiento en <strong>Vida y obra<\/strong><\/h2>\t\t\t\t\t\t\t\t<\/div>\n\t\t<div class=\"elementor-element elementor-element-eae7e11 e-con-full e-flex e-con e-child\" data-id=\"eae7e11\" data-element_type=\"container\" data-e-type=\"container\">\n\t\t<div class=\"elementor-element elementor-element-c62e1f4 e-con-full user-group-grid-item e-flex e-con e-child\" data-id=\"c62e1f4\" data-element_type=\"container\" data-e-type=\"container\">\n\t\t\t\t<div class=\"elementor-element elementor-element-fa9cbba tools-inner-box elementor-position-top elementor-widget elementor-widget-image-box\" data-id=\"fa9cbba\" data-element_type=\"widget\" data-e-type=\"widget\" data-widget_type=\"image-box.default\">\n\t\t\t\t\t<div class=\"elementor-image-box-wrapper\"><figure class=\"elementor-image-box-img\"><img fetchpriority=\"high\" decoding=\"async\" width=\"356\" height=\"345\" src=\"https:\/\/yourlifeatlas.com\/wp-content\/uploads\/2025\/10\/user-group1.webp\" class=\"attachment-full size-full wp-image-142\" alt=\"\" srcset=\"https:\/\/yourlifeatlas.com\/wp-content\/uploads\/2025\/10\/user-group1.webp 356w, https:\/\/yourlifeatlas.com\/wp-content\/uploads\/2025\/10\/user-group1-300x291.webp 300w\" sizes=\"(max-width: 356px) 100vw, 356px\" \/><\/figure><div class=\"elementor-image-box-content\"><h4 class=\"elementor-image-box-title\">Educaci\u00f3n superior<\/h4><p class=\"elementor-image-box-description\">Life Atlas\u00ae ayuda a los estudiantes a descubrir sus talentos naturales, aclarar su prop\u00f3sito y avanzar en su crecimiento personal a trav\u00e9s de un conjunto din\u00e1mico de herramientas en l\u00ednea que desarrollan la autoconciencia, la resiliencia y la orientaci\u00f3n. Al fomentar un sentido compartido de comprensi\u00f3n de las fortalezas individuales y la diversidad psicol\u00f3gica, Life Atlas\u00ae mejora las relaciones en todo el campus, fortalece la comunidad a trav\u00e9s de las conexiones entre exalumnos y estudiantes, y cultiva una cultura m\u00e1s compasiva y orientada a los prop\u00f3sitos.<\/p><\/div><\/div>\t\t\t\t<\/div>\n\t\t\t\t<div class=\"elementor-element elementor-element-3fcef80 elementor-absolute elementor-widget elementor-widget-heading\" data-id=\"3fcef80\" data-element_type=\"widget\" data-e-type=\"widget\" data-settings=\"{&quot;_position&quot;:&quot;absolute&quot;}\" data-widget_type=\"heading.default\">\n\t\t\t\t\t<div class=\"elementor-heading-title elementor-size-default\"><a href=\"https:\/\/yourlifeatlas.com\/es\/higher-education\/\">Leer m\u00e1s<\/a><\/div>\t\t\t\t<\/div>\n\t\t\t\t<\/div>\n\t\t<div class=\"elementor-element elementor-element-c1edac0 e-con-full user-group-grid-item e-flex e-con e-child\" data-id=\"c1edac0\" data-element_type=\"container\" data-e-type=\"container\">\n\t\t\t\t<div class=\"elementor-element elementor-element-a0d69ab tools-inner-box elementor-position-top elementor-widget elementor-widget-image-box\" data-id=\"a0d69ab\" data-element_type=\"widget\" data-e-type=\"widget\" data-widget_type=\"image-box.default\">\n\t\t\t\t\t<div class=\"elementor-image-box-wrapper\"><figure class=\"elementor-image-box-img\"><img decoding=\"async\" width=\"355\" height=\"345\" src=\"https:\/\/yourlifeatlas.com\/wp-content\/uploads\/2025\/11\/Untitled-design-7.png\" class=\"attachment-full size-full wp-image-3108\" alt=\"\" srcset=\"https:\/\/yourlifeatlas.com\/wp-content\/uploads\/2025\/11\/Untitled-design-7.png 355w, https:\/\/yourlifeatlas.com\/wp-content\/uploads\/2025\/11\/Untitled-design-7-300x292.png 300w\" sizes=\"(max-width: 355px) 100vw, 355px\" \/><\/figure><div class=\"elementor-image-box-content\"><h4 class=\"elementor-image-box-title\">Comunidades religiosas<\/h4><p class=\"elementor-image-box-description\">Life Atlas\u00ae fomenta una cultura de crecimiento, pertenencia y prop\u00f3sito, ayudando a las personas a vivir su fe a trav\u00e9s de la expresi\u00f3n aut\u00e9ntica de sus dones. Ayudamos a las congregaciones a cultivar una comprensi\u00f3n m\u00e1s profunda de s\u00ed mismas, fortalecer las relaciones e inspirar un servicio significativo. Los miembros obtienen claridad sobre c\u00f3mo sus fortalezas \u00fanicas pueden contribuir a la vida y la misi\u00f3n de la comunidad, mientras que los l\u00edderes pueden guiar a otros con mayor perspicacia y compasi\u00f3n. <\/p><\/div><\/div>\t\t\t\t<\/div>\n\t\t\t\t<div class=\"elementor-element elementor-element-a509298 elementor-absolute elementor-widget elementor-widget-heading\" data-id=\"a509298\" data-element_type=\"widget\" data-e-type=\"widget\" data-settings=\"{&quot;_position&quot;:&quot;absolute&quot;}\" data-widget_type=\"heading.default\">\n\t\t\t\t\t<div class=\"elementor-heading-title elementor-size-default\"><a href=\"https:\/\/yourlifeatlas.com\/es\/faith-communities\/\">Leer m\u00e1s<\/a><\/div>\t\t\t\t<\/div>\n\t\t\t\t<\/div>\n\t\t<div class=\"elementor-element elementor-element-0b00b61 e-con-full user-group-grid-item e-flex e-con e-child\" data-id=\"0b00b61\" data-element_type=\"container\" data-e-type=\"container\">\n\t\t\t\t<div class=\"elementor-element elementor-element-ca1d12c tools-inner-box elementor-position-top elementor-widget elementor-widget-image-box\" data-id=\"ca1d12c\" data-element_type=\"widget\" data-e-type=\"widget\" data-widget_type=\"image-box.default\">\n\t\t\t\t\t<div class=\"elementor-image-box-wrapper\"><figure class=\"elementor-image-box-img\"><img decoding=\"async\" width=\"355\" height=\"345\" src=\"https:\/\/yourlifeatlas.com\/wp-content\/uploads\/2025\/11\/Untitled-design-8-1.png\" class=\"attachment-full size-full wp-image-3177\" alt=\"\" srcset=\"https:\/\/yourlifeatlas.com\/wp-content\/uploads\/2025\/11\/Untitled-design-8-1.png 355w, https:\/\/yourlifeatlas.com\/wp-content\/uploads\/2025\/11\/Untitled-design-8-1-300x292.png 300w\" sizes=\"(max-width: 355px) 100vw, 355px\" \/><\/figure><div class=\"elementor-image-box-content\"><h4 class=\"elementor-image-box-title\">Organizaciones<\/h4><p class=\"elementor-image-box-description\">Life Atlas\u00ae ayuda a las organizaciones a sacar lo mejor de su personal alineando las aptitudes individuales con los puestos en los que pueden prosperar. Nuestras herramientas validadas proporcionan una visi\u00f3n profunda de las fortalezas, motivaciones y estilos de comunicaci\u00f3n. Esta comprensi\u00f3n mejora el trabajo en equipo, el desarrollo del liderazgo y el compromiso de los empleados, al tiempo que reduce la rotaci\u00f3n y el agotamiento. Life Atlas\u00ae ayuda a crear lugares de trabajo en los que las personas aportan sus talentos naturales y encuentran sentido a lo que hacen.<\/p><\/div><\/div>\t\t\t\t<\/div>\n\t\t\t\t<div class=\"elementor-element elementor-element-3d8161f elementor-absolute elementor-widget elementor-widget-heading\" data-id=\"3d8161f\" data-element_type=\"widget\" data-e-type=\"widget\" data-settings=\"{&quot;_position&quot;:&quot;absolute&quot;}\" data-widget_type=\"heading.default\">\n\t\t\t\t\t<div class=\"elementor-heading-title elementor-size-default\"><a href=\"https:\/\/yourlifeatlas.com\/es\/for-organizations\/\">Leer m\u00e1s<\/a><\/div>\t\t\t\t<\/div>\n\t\t\t\t<\/div>\n\t\t<div class=\"elementor-element elementor-element-7b20271 e-con-full user-group-grid-item e-flex e-con e-child\" data-id=\"7b20271\" data-element_type=\"container\" data-e-type=\"container\">\n\t\t\t\t<div class=\"elementor-element elementor-element-1bb1c0b tools-inner-box elementor-position-top elementor-widget elementor-widget-image-box\" data-id=\"1bb1c0b\" data-element_type=\"widget\" data-e-type=\"widget\" data-widget_type=\"image-box.default\">\n\t\t\t\t\t<div class=\"elementor-image-box-wrapper\"><figure class=\"elementor-image-box-img\"><img loading=\"lazy\" decoding=\"async\" width=\"355\" height=\"345\" src=\"https:\/\/yourlifeatlas.com\/wp-content\/uploads\/2025\/11\/Untitled-design-9.png\" class=\"attachment-full size-full wp-image-3112\" alt=\"\" srcset=\"https:\/\/yourlifeatlas.com\/wp-content\/uploads\/2025\/11\/Untitled-design-9.png 355w, https:\/\/yourlifeatlas.com\/wp-content\/uploads\/2025\/11\/Untitled-design-9-300x292.png 300w\" sizes=\"(max-width: 355px) 100vw, 355px\" \/><\/figure><div class=\"elementor-image-box-content\"><h4 class=\"elementor-image-box-title\">Profesionales<\/h4><p class=\"elementor-image-box-description\">Life Atlas\u00ae ofrece a los profesionales un marco integral para orientar el crecimiento personal y la claridad vocacional. Basadas en las ideas fundamentales de C. G. Jung, nuestras herramientas ayudan a los clientes a identificar sus dones naturales, profundizar en el autoconocimiento y alinear sus vidas con un prop\u00f3sito mayor. Ya sea en el \u00e1mbito del asesoramiento, el coaching, el ministerio o el desarrollo organizacional, Life Atlas\u00ae mejora su pr\u00e1ctica profesional con evaluaciones validadas, modelos interpretativos claros y una comunidad de compa\u00f1eros que le brinda apoyo. Le proporciona las herramientas necesarias para ayudar a otros no solo a comprender qui\u00e9nes son, sino tambi\u00e9n a convertirse en quienes est\u00e1n llamados a ser.<\/p><\/div><\/div>\t\t\t\t<\/div>\n\t\t\t\t<div class=\"elementor-element elementor-element-48c5de5 elementor-absolute elementor-widget elementor-widget-heading\" data-id=\"48c5de5\" data-element_type=\"widget\" data-e-type=\"widget\" data-settings=\"{&quot;_position&quot;:&quot;absolute&quot;}\" data-widget_type=\"heading.default\">\n\t\t\t\t\t<div class=\"elementor-heading-title elementor-size-default\"><a href=\"https:\/\/yourlifeatlas.com\/es\/practitioners\/\">Leer m\u00e1s<\/a><\/div>\t\t\t\t<\/div>\n\t\t\t\t<\/div>\n\t\t\t\t<\/div>\n\t\t\t\t\t<\/div>\n\t\t\t\t<\/div>\n\t\t\t\t<\/div>","protected":false},"excerpt":{"rendered":"<p>User Groups Empowering Growth Across Life &amp; Work Supporting Growth in Life &#038; Work Higher Education Life Atlas\u00ae assists students in discovering their natural talents, clarifying their purpose, and advancing personal growth through a dynamic suite of online tools that build self-awareness, resilience, and direction. By fostering a shared sense of understanding of individual strengths [&hellip;]<\/p>\n","protected":false},"author":2,"featured_media":0,"parent":0,"menu_order":0,"comment_status":"closed","ping_status":"closed","template":"","meta":{"_acf_changed":false,"footnotes":""},"class_list":["post-199","page","type-page","status-publish","hentry"],"acf":[],"yoast_head":"<!-- This site is optimized with the Yoast SEO Premium plugin v27.4 (Yoast SEO v27.4) - https:\/\/yoast.com\/product\/yoast-seo-premium-wordpress\/ -->\n<title>User Groups - Life Atlas<\/title>\n<meta name=\"robots\" content=\"index, follow, max-snippet:-1, max-image-preview:large, max-video-preview:-1\" \/>\n<link rel=\"canonical\" href=\"https:\/\/yourlifeatlas.com\/es\/user-groups\/\" \/>\n<meta property=\"og:locale\" content=\"es_MX\" \/>\n<meta property=\"og:type\" content=\"article\" \/>\n<meta property=\"og:title\" content=\"User Groups\" \/>\n<meta property=\"og:description\" content=\"User Groups Empowering Growth Across Life &amp; Work Supporting Growth in Life &#038; Work Higher Education Life Atlas\u00ae assists students in discovering their natural talents, clarifying their purpose, and advancing personal growth through a dynamic suite of online tools that build self-awareness, resilience, and direction. By fostering a shared sense of understanding of individual strengths [&hellip;]\" \/>\n<meta property=\"og:url\" content=\"https:\/\/yourlifeatlas.com\/es\/user-groups\/\" \/>\n<meta property=\"og:site_name\" content=\"Life Atlas\" \/>\n<meta property=\"article:modified_time\" content=\"2025-11-23T00:44:24+00:00\" \/>\n<meta property=\"og:image\" content=\"https:\/\/yourlifeatlas.com\/wp-content\/uploads\/2025\/10\/user-group1.webp\" \/>\n<meta name=\"twitter:card\" content=\"summary_large_image\" \/>\n<meta name=\"twitter:label1\" content=\"Tiempo de lectura\" \/>\n\t<meta name=\"twitter:data1\" content=\"1 minuto\" \/>\n<script type=\"application\/ld+json\" class=\"yoast-schema-graph\">{\"@context\":\"https:\\\/\\\/schema.org\",\"@graph\":[{\"@type\":\"WebPage\",\"@id\":\"https:\\\/\\\/yourlifeatlas.com\\\/user-groups\\\/\",\"url\":\"https:\\\/\\\/yourlifeatlas.com\\\/user-groups\\\/\",\"name\":\"User Groups - Life Atlas\",\"isPartOf\":{\"@id\":\"https:\\\/\\\/yourlifeatlas.com\\\/#website\"},\"primaryImageOfPage\":{\"@id\":\"https:\\\/\\\/yourlifeatlas.com\\\/user-groups\\\/#primaryimage\"},\"image\":{\"@id\":\"https:\\\/\\\/yourlifeatlas.com\\\/user-groups\\\/#primaryimage\"},\"thumbnailUrl\":\"https:\\\/\\\/yourlifeatlas.com\\\/wp-content\\\/uploads\\\/2025\\\/10\\\/user-group1.webp\",\"datePublished\":\"2025-10-12T08:58:38+00:00\",\"dateModified\":\"2025-11-23T00:44:24+00:00\",\"breadcrumb\":{\"@id\":\"https:\\\/\\\/yourlifeatlas.com\\\/user-groups\\\/#breadcrumb\"},\"inLanguage\":\"es\",\"potentialAction\":[{\"@type\":\"ReadAction\",\"target\":[\"https:\\\/\\\/yourlifeatlas.com\\\/user-groups\\\/\"]}]},{\"@type\":\"ImageObject\",\"inLanguage\":\"es\",\"@id\":\"https:\\\/\\\/yourlifeatlas.com\\\/user-groups\\\/#primaryimage\",\"url\":\"https:\\\/\\\/yourlifeatlas.com\\\/wp-content\\\/uploads\\\/2025\\\/10\\\/user-group1.webp\",\"contentUrl\":\"https:\\\/\\\/yourlifeatlas.com\\\/wp-content\\\/uploads\\\/2025\\\/10\\\/user-group1.webp\"},{\"@type\":\"BreadcrumbList\",\"@id\":\"https:\\\/\\\/yourlifeatlas.com\\\/user-groups\\\/#breadcrumb\",\"itemListElement\":[{\"@type\":\"ListItem\",\"position\":1,\"name\":\"Home\",\"item\":\"https:\\\/\\\/yourlifeatlas.com\\\/\"},{\"@type\":\"ListItem\",\"position\":2,\"name\":\"User Groups\"}]},{\"@type\":\"WebSite\",\"@id\":\"https:\\\/\\\/yourlifeatlas.com\\\/#website\",\"url\":\"https:\\\/\\\/yourlifeatlas.com\\\/\",\"name\":\"Life Atlas\",\"description\":\"\",\"potentialAction\":[{\"@type\":\"SearchAction\",\"target\":{\"@type\":\"EntryPoint\",\"urlTemplate\":\"https:\\\/\\\/yourlifeatlas.com\\\/?s={search_term_string}\"},\"query-input\":{\"@type\":\"PropertyValueSpecification\",\"valueRequired\":true,\"valueName\":\"search_term_string\"}}],\"inLanguage\":\"es\"}]}<\/script>\n<!-- \/ Yoast SEO Premium plugin. -->","yoast_head_json":{"title":"User Groups - Life Atlas","robots":{"index":"index","follow":"follow","max-snippet":"max-snippet:-1","max-image-preview":"max-image-preview:large","max-video-preview":"max-video-preview:-1"},"canonical":"https:\/\/yourlifeatlas.com\/es\/user-groups\/","og_locale":"es_MX","og_type":"article","og_title":"User Groups","og_description":"User Groups Empowering Growth Across Life &amp; Work Supporting Growth in Life &#038; Work Higher Education Life Atlas\u00ae assists students in discovering their natural talents, clarifying their purpose, and advancing personal growth through a dynamic suite of online tools that build self-awareness, resilience, and direction. By fostering a shared sense of understanding of individual strengths [&hellip;]","og_url":"https:\/\/yourlifeatlas.com\/es\/user-groups\/","og_site_name":"Life Atlas","article_modified_time":"2025-11-23T00:44:24+00:00","og_image":[{"url":"https:\/\/yourlifeatlas.com\/wp-content\/uploads\/2025\/10\/user-group1.webp","type":"","width":"","height":""}],"twitter_card":"summary_large_image","twitter_misc":{"Tiempo de lectura":"1 minuto"},"schema":{"@context":"https:\/\/schema.org","@graph":[{"@type":"WebPage","@id":"https:\/\/yourlifeatlas.com\/user-groups\/","url":"https:\/\/yourlifeatlas.com\/user-groups\/","name":"User Groups - Life Atlas","isPartOf":{"@id":"https:\/\/yourlifeatlas.com\/#website"},"primaryImageOfPage":{"@id":"https:\/\/yourlifeatlas.com\/user-groups\/#primaryimage"},"image":{"@id":"https:\/\/yourlifeatlas.com\/user-groups\/#primaryimage"},"thumbnailUrl":"https:\/\/yourlifeatlas.com\/wp-content\/uploads\/2025\/10\/user-group1.webp","datePublished":"2025-10-12T08:58:38+00:00","dateModified":"2025-11-23T00:44:24+00:00","breadcrumb":{"@id":"https:\/\/yourlifeatlas.com\/user-groups\/#breadcrumb"},"inLanguage":"es","potentialAction":[{"@type":"ReadAction","target":["https:\/\/yourlifeatlas.com\/user-groups\/"]}]},{"@type":"ImageObject","inLanguage":"es","@id":"https:\/\/yourlifeatlas.com\/user-groups\/#primaryimage","url":"https:\/\/yourlifeatlas.com\/wp-content\/uploads\/2025\/10\/user-group1.webp","contentUrl":"https:\/\/yourlifeatlas.com\/wp-content\/uploads\/2025\/10\/user-group1.webp"},{"@type":"BreadcrumbList","@id":"https:\/\/yourlifeatlas.com\/user-groups\/#breadcrumb","itemListElement":[{"@type":"ListItem","position":1,"name":"Home","item":"https:\/\/yourlifeatlas.com\/"},{"@type":"ListItem","position":2,"name":"User Groups"}]},{"@type":"WebSite","@id":"https:\/\/yourlifeatlas.com\/#website","url":"https:\/\/yourlifeatlas.com\/","name":"Atlas de la vida","description":"","potentialAction":[{"@type":"SearchAction","target":{"@type":"EntryPoint","urlTemplate":"https:\/\/yourlifeatlas.com\/?s={search_term_string}"},"query-input":{"@type":"PropertyValueSpecification","valueRequired":true,"valueName":"search_term_string"}}],"inLanguage":"es"}]}},"_links":{"self":[{"href":"https:\/\/yourlifeatlas.com\/es\/wp-json\/wp\/v2\/pages\/199","targetHints":{"allow":["GET"]}}],"collection":[{"href":"https:\/\/yourlifeatlas.com\/es\/wp-json\/wp\/v2\/pages"}],"about":[{"href":"https:\/\/yourlifeatlas.com\/es\/wp-json\/wp\/v2\/types\/page"}],"author":[{"embeddable":true,"href":"https:\/\/yourlifeatlas.com\/es\/wp-json\/wp\/v2\/users\/2"}],"replies":[{"embeddable":true,"href":"https:\/\/yourlifeatlas.com\/es\/wp-json\/wp\/v2\/comments?post=199"}],"version-history":[{"count":1,"href":"https:\/\/yourlifeatlas.com\/es\/wp-json\/wp\/v2\/pages\/199\/revisions"}],"predecessor-version":[{"id":200,"href":"https:\/\/yourlifeatlas.com\/es\/wp-json\/wp\/v2\/pages\/199\/revisions\/200"}],"wp:attachment":[{"href":"https:\/\/yourlifeatlas.com\/es\/wp-json\/wp\/v2\/media?parent=199"}],"curies":[{"name":"wp","href":"https:\/\/api.w.org\/{rel}","templated":true}]}}