{"id":197,"date":"2025-10-12T08:58:17","date_gmt":"2025-10-12T08:58:17","guid":{"rendered":"https:\/\/yourlifeatlas.com\/?page_id=197"},"modified":"2025-11-23T00:30:28","modified_gmt":"2025-11-23T00:30:28","slug":"the-tools","status":"publish","type":"page","link":"https:\/\/yourlifeatlas.com\/fr\/the-tools\/","title":{"rendered":"Les outils"},"content":{"rendered":"<div data-elementor-type=\"wp-page\" data-elementor-id=\"197\" class=\"elementor elementor-197\" wpc-filter-elementor-widget=\"1\" data-elementor-post-type=\"page\">\n\t\t\t\t<div class=\"elementor-element elementor-element-328cd1f e-con-full e-flex e-con e-parent\" data-id=\"328cd1f\" data-element_type=\"container\" data-e-type=\"container\" data-settings=\"{&quot;background_background&quot;:&quot;classic&quot;}\">\n\t\t<div class=\"elementor-element elementor-element-b9b7ca2 e-flex e-con-boxed e-con e-child\" data-id=\"b9b7ca2\" data-element_type=\"container\" data-e-type=\"container\">\n\t\t\t\t\t<div class=\"e-con-inner\">\n\t\t\t\t<div class=\"elementor-element elementor-element-e45440d elementor-widget__width-inherit elementor-widget elementor-widget-heading\" data-id=\"e45440d\" data-element_type=\"widget\" data-e-type=\"widget\" data-widget_type=\"heading.default\">\n\t\t\t\t\t<h1 class=\"elementor-heading-title elementor-size-default\">Les outils<\/h1>\t\t\t\t<\/div>\n\t\t\t\t\t<\/div>\n\t\t\t\t<\/div>\n\t\t\t\t<\/div>\n\t\t<div class=\"elementor-element elementor-element-4fc2b8f e-flex e-con-boxed e-con e-parent\" data-id=\"4fc2b8f\" data-element_type=\"container\" data-e-type=\"container\">\n\t\t\t\t\t<div class=\"e-con-inner\">\n\t\t\t\t<div class=\"elementor-element elementor-element-151f402 elementor-widget__width-inherit elementor-widget elementor-widget-heading\" data-id=\"151f402\" data-element_type=\"widget\" data-e-type=\"widget\" data-widget_type=\"heading.default\">\n\t\t\t\t\t<h6 class=\"elementor-heading-title elementor-size-default\">Sachez comment vous \u00eates dou\u00e9 * Faites ce que vous aimez\n<\/h6>\t\t\t\t<\/div>\n\t\t\t\t<div class=\"elementor-element elementor-element-a67dc3f elementor-widget__width-inherit elementor-widget elementor-widget-text-editor\" data-id=\"a67dc3f\" data-element_type=\"widget\" data-e-type=\"widget\" data-widget_type=\"text-editor.default\">\n\t\t\t\t\t\t\t\t\t<h2><strong>Notre<\/strong> Outils<\/h2>\t\t\t\t\t\t\t\t<\/div>\n\t\t<div class=\"elementor-element elementor-element-7616c78 e-con-full e-flex e-con e-child\" data-id=\"7616c78\" data-element_type=\"container\" data-e-type=\"container\">\n\t\t<div class=\"elementor-element elementor-element-307169c e-con-full e-flex e-con e-child\" data-id=\"307169c\" data-element_type=\"container\" data-e-type=\"container\">\n\t\t\t\t<div class=\"elementor-element elementor-element-ed8ba55 tools-inner-box elementor-position-top elementor-widget elementor-widget-image-box\" data-id=\"ed8ba55\" data-element_type=\"widget\" data-e-type=\"widget\" data-widget_type=\"image-box.default\">\n\t\t\t\t\t<div class=\"elementor-image-box-wrapper\"><figure class=\"elementor-image-box-img\"><img decoding=\"async\" width=\"110\" height=\"110\" src=\"https:\/\/yourlifeatlas.com\/wp-content\/uploads\/2025\/10\/Movement-1.png\" class=\"attachment-full size-full wp-image-129\" alt=\"\" \/><\/figure><div class=\"elementor-image-box-content\"><h3 class=\"elementor-image-box-title\">Cadeaux Inventaire Compass\u00ae<\/h3><p class=\"elementor-image-box-description\">L'inventaire de la boussole des dons\u00ae\n (GCI) est une auto-\u00e9valuation en ligne qui permet d'identifier vos meilleurs dons. D\u00e9riv\u00e9 du mod\u00e8le original des types psychologiques de C.G. Jung, il est utilis\u00e9 par des psychologues et des conseillers dans le monde entier.<\/p><\/div><\/div>\t\t\t\t<\/div>\n\t\t\t\t<div class=\"elementor-element elementor-element-47232f3 elementor-absolute elementor-widget elementor-widget-heading\" data-id=\"47232f3\" data-element_type=\"widget\" data-e-type=\"widget\" data-settings=\"{&quot;_position&quot;:&quot;absolute&quot;}\" data-widget_type=\"heading.default\">\n\t\t\t\t\t<div class=\"elementor-heading-title elementor-size-default\"><a href=\"https:\/\/yourlifeatlas.com\/fr\/gifts-compass-inventory\/\">En savoir plus<\/a><\/div>\t\t\t\t<\/div>\n\t\t\t\t<\/div>\n\t\t<div class=\"elementor-element elementor-element-90ce967 e-con-full e-flex e-con e-child\" data-id=\"90ce967\" data-element_type=\"container\" data-e-type=\"container\">\n\t\t\t\t<div class=\"elementor-element elementor-element-9669208 tools-inner-box elementor-position-top elementor-widget elementor-widget-image-box\" data-id=\"9669208\" data-element_type=\"widget\" data-e-type=\"widget\" data-widget_type=\"image-box.default\">\n\t\t\t\t\t<div class=\"elementor-image-box-wrapper\"><figure class=\"elementor-image-box-img\"><img decoding=\"async\" width=\"110\" height=\"110\" src=\"https:\/\/yourlifeatlas.com\/wp-content\/uploads\/2025\/10\/Discover-1.png\" class=\"attachment-full size-full wp-image-130\" alt=\"\" \/><\/figure><div class=\"elementor-image-box-content\"><h3 class=\"elementor-image-box-title\">D\u00e9couvrez votre passion<\/h3><p class=\"elementor-image-box-description\">Cette \u00e9valuation vous guidera \u00e0 travers une s\u00e9rie d'\u00e9tapes pour clarifier le travail qui correspond \u00e0 vos forces, \u00e0 vos int\u00e9r\u00eats et \u00e0 vos valeurs profondes.<\/p><\/div><\/div>\t\t\t\t<\/div>\n\t\t\t\t<div class=\"elementor-element elementor-element-5f3c0ab elementor-absolute elementor-widget elementor-widget-heading\" data-id=\"5f3c0ab\" data-element_type=\"widget\" data-e-type=\"widget\" data-settings=\"{&quot;_position&quot;:&quot;absolute&quot;}\" data-widget_type=\"heading.default\">\n\t\t\t\t\t<div class=\"elementor-heading-title elementor-size-default\"><a href=\"https:\/\/yourlifeatlas.com\/fr\/decouvre-ta-passion\/\">En savoir plus<\/a><\/div>\t\t\t\t<\/div>\n\t\t\t\t<\/div>\n\t\t<div class=\"elementor-element elementor-element-1f19a1a e-con-full e-flex e-con e-child\" data-id=\"1f19a1a\" data-element_type=\"container\" data-e-type=\"container\">\n\t\t\t\t<div class=\"elementor-element elementor-element-83aded8 tools-inner-box elementor-position-top elementor-widget elementor-widget-image-box\" data-id=\"83aded8\" data-element_type=\"widget\" data-e-type=\"widget\" data-widget_type=\"image-box.default\">\n\t\t\t\t\t<div class=\"elementor-image-box-wrapper\"><figure class=\"elementor-image-box-img\"><img decoding=\"async\" width=\"110\" height=\"110\" src=\"https:\/\/yourlifeatlas.com\/wp-content\/uploads\/2025\/10\/Growth-1.png\" class=\"attachment-full size-full wp-image-128\" alt=\"\" \/><\/figure><div class=\"elementor-image-box-content\"><h3 class=\"elementor-image-box-title\">Suite de profils de travail<\/h3><p class=\"elementor-image-box-description\">\u00c9valuez les dons n\u00e9cessaires \u00e0 tout travail, ou au travail que vous faites actuellement, pour voir si vous \u00eates fait pour ce travail. Consultez notre base de donn\u00e9es gratuite sur les profils professionnels pour voir quels sont les dons les plus utilis\u00e9s dans les carri\u00e8res qui vous int\u00e9ressent.<\/p><\/div><\/div>\t\t\t\t<\/div>\n\t\t\t\t<div class=\"elementor-element elementor-element-9625e21 elementor-absolute elementor-widget elementor-widget-heading\" data-id=\"9625e21\" data-element_type=\"widget\" data-e-type=\"widget\" data-settings=\"{&quot;_position&quot;:&quot;absolute&quot;}\" data-widget_type=\"heading.default\">\n\t\t\t\t\t<div class=\"elementor-heading-title elementor-size-default\"><a href=\"https:\/\/yourlifeatlas.com\/fr\/work-profile-suite\/\">En savoir plus<\/a><\/div>\t\t\t\t<\/div>\n\t\t\t\t<\/div>\n\t\t\t\t<\/div>\n\t\t\t\t\t<\/div>\n\t\t\t\t<\/div>\n\t\t\t\t<\/div>","protected":false},"excerpt":{"rendered":"<p>The Tools Know How You Are Gifted * Do What You Love Our Tools Gifts Compass Inventory\u00ae The Gifts Compass Inventory\u00ae (GCI) is an online self-assessment that identifies your best gifts. Derived from C.G. Jung\u2019s original model of psychological types, it is used by psychologists and counselors world-wide. Learn more Discover Your Passion This assessment [&hellip;]<\/p>\n","protected":false},"author":2,"featured_media":0,"parent":0,"menu_order":0,"comment_status":"closed","ping_status":"closed","template":"","meta":{"_acf_changed":false,"footnotes":""},"class_list":["post-197","page","type-page","status-publish","hentry"],"acf":[],"yoast_head":"<!-- This site is optimized with the Yoast SEO Premium plugin v27.4 (Yoast SEO v27.4) - https:\/\/yoast.com\/product\/yoast-seo-premium-wordpress\/ -->\n<title>The Tools - Life Atlas<\/title>\n<meta name=\"robots\" content=\"index, follow, max-snippet:-1, max-image-preview:large, max-video-preview:-1\" \/>\n<link rel=\"canonical\" href=\"https:\/\/yourlifeatlas.com\/fr\/the-tools\/\" \/>\n<meta property=\"og:locale\" content=\"fr_FR\" \/>\n<meta property=\"og:type\" content=\"article\" \/>\n<meta property=\"og:title\" content=\"The Tools\" \/>\n<meta property=\"og:description\" content=\"The Tools Know How You Are Gifted * Do What You Love Our Tools Gifts Compass Inventory\u00ae The Gifts Compass Inventory\u00ae (GCI) is an online self-assessment that identifies your best gifts. Derived from C.G. Jung\u2019s original model of psychological types, it is used by psychologists and counselors world-wide. Learn more Discover Your Passion This assessment [&hellip;]\" \/>\n<meta property=\"og:url\" content=\"https:\/\/yourlifeatlas.com\/fr\/the-tools\/\" \/>\n<meta property=\"og:site_name\" content=\"Life Atlas\" \/>\n<meta property=\"article:modified_time\" content=\"2025-11-23T00:30:28+00:00\" \/>\n<meta property=\"og:image\" content=\"https:\/\/yourlifeatlas.com\/wp-content\/uploads\/2025\/10\/Movement-1.png\" \/>\n<meta name=\"twitter:card\" content=\"summary_large_image\" \/>\n<meta name=\"twitter:label1\" content=\"Dur\u00e9e de lecture estim\u00e9e\" \/>\n\t<meta name=\"twitter:data1\" content=\"1 minute\" \/>\n<script type=\"application\/ld+json\" class=\"yoast-schema-graph\">{\"@context\":\"https:\\\/\\\/schema.org\",\"@graph\":[{\"@type\":\"WebPage\",\"@id\":\"https:\\\/\\\/yourlifeatlas.com\\\/the-tools\\\/\",\"url\":\"https:\\\/\\\/yourlifeatlas.com\\\/the-tools\\\/\",\"name\":\"The Tools - Life Atlas\",\"isPartOf\":{\"@id\":\"https:\\\/\\\/yourlifeatlas.com\\\/#website\"},\"primaryImageOfPage\":{\"@id\":\"https:\\\/\\\/yourlifeatlas.com\\\/the-tools\\\/#primaryimage\"},\"image\":{\"@id\":\"https:\\\/\\\/yourlifeatlas.com\\\/the-tools\\\/#primaryimage\"},\"thumbnailUrl\":\"https:\\\/\\\/yourlifeatlas.com\\\/wp-content\\\/uploads\\\/2025\\\/10\\\/Movement-1.png\",\"datePublished\":\"2025-10-12T08:58:17+00:00\",\"dateModified\":\"2025-11-23T00:30:28+00:00\",\"breadcrumb\":{\"@id\":\"https:\\\/\\\/yourlifeatlas.com\\\/the-tools\\\/#breadcrumb\"},\"inLanguage\":\"fr-FR\",\"potentialAction\":[{\"@type\":\"ReadAction\",\"target\":[\"https:\\\/\\\/yourlifeatlas.com\\\/the-tools\\\/\"]}]},{\"@type\":\"ImageObject\",\"inLanguage\":\"fr-FR\",\"@id\":\"https:\\\/\\\/yourlifeatlas.com\\\/the-tools\\\/#primaryimage\",\"url\":\"https:\\\/\\\/yourlifeatlas.com\\\/wp-content\\\/uploads\\\/2025\\\/10\\\/Movement-1.png\",\"contentUrl\":\"https:\\\/\\\/yourlifeatlas.com\\\/wp-content\\\/uploads\\\/2025\\\/10\\\/Movement-1.png\"},{\"@type\":\"BreadcrumbList\",\"@id\":\"https:\\\/\\\/yourlifeatlas.com\\\/the-tools\\\/#breadcrumb\",\"itemListElement\":[{\"@type\":\"ListItem\",\"position\":1,\"name\":\"Home\",\"item\":\"https:\\\/\\\/yourlifeatlas.com\\\/\"},{\"@type\":\"ListItem\",\"position\":2,\"name\":\"The Tools\"}]},{\"@type\":\"WebSite\",\"@id\":\"https:\\\/\\\/yourlifeatlas.com\\\/#website\",\"url\":\"https:\\\/\\\/yourlifeatlas.com\\\/\",\"name\":\"Life Atlas\",\"description\":\"\",\"potentialAction\":[{\"@type\":\"SearchAction\",\"target\":{\"@type\":\"EntryPoint\",\"urlTemplate\":\"https:\\\/\\\/yourlifeatlas.com\\\/?s={search_term_string}\"},\"query-input\":{\"@type\":\"PropertyValueSpecification\",\"valueRequired\":true,\"valueName\":\"search_term_string\"}}],\"inLanguage\":\"fr-FR\"}]}<\/script>\n<!-- \/ Yoast SEO Premium plugin. -->","yoast_head_json":{"title":"The Tools - Life Atlas","robots":{"index":"index","follow":"follow","max-snippet":"max-snippet:-1","max-image-preview":"max-image-preview:large","max-video-preview":"max-video-preview:-1"},"canonical":"https:\/\/yourlifeatlas.com\/fr\/the-tools\/","og_locale":"fr_FR","og_type":"article","og_title":"The Tools","og_description":"The Tools Know How You Are Gifted * Do What You Love Our Tools Gifts Compass Inventory\u00ae The Gifts Compass Inventory\u00ae (GCI) is an online self-assessment that identifies your best gifts. Derived from C.G. Jung\u2019s original model of psychological types, it is used by psychologists and counselors world-wide. Learn more Discover Your Passion This assessment [&hellip;]","og_url":"https:\/\/yourlifeatlas.com\/fr\/the-tools\/","og_site_name":"Life Atlas","article_modified_time":"2025-11-23T00:30:28+00:00","og_image":[{"url":"https:\/\/yourlifeatlas.com\/wp-content\/uploads\/2025\/10\/Movement-1.png","type":"","width":"","height":""}],"twitter_card":"summary_large_image","twitter_misc":{"Dur\u00e9e de lecture estim\u00e9e":"1 minute"},"schema":{"@context":"https:\/\/schema.org","@graph":[{"@type":"WebPage","@id":"https:\/\/yourlifeatlas.com\/the-tools\/","url":"https:\/\/yourlifeatlas.com\/the-tools\/","name":"The Tools - Life Atlas","isPartOf":{"@id":"https:\/\/yourlifeatlas.com\/#website"},"primaryImageOfPage":{"@id":"https:\/\/yourlifeatlas.com\/the-tools\/#primaryimage"},"image":{"@id":"https:\/\/yourlifeatlas.com\/the-tools\/#primaryimage"},"thumbnailUrl":"https:\/\/yourlifeatlas.com\/wp-content\/uploads\/2025\/10\/Movement-1.png","datePublished":"2025-10-12T08:58:17+00:00","dateModified":"2025-11-23T00:30:28+00:00","breadcrumb":{"@id":"https:\/\/yourlifeatlas.com\/the-tools\/#breadcrumb"},"inLanguage":"fr-FR","potentialAction":[{"@type":"ReadAction","target":["https:\/\/yourlifeatlas.com\/the-tools\/"]}]},{"@type":"ImageObject","inLanguage":"fr-FR","@id":"https:\/\/yourlifeatlas.com\/the-tools\/#primaryimage","url":"https:\/\/yourlifeatlas.com\/wp-content\/uploads\/2025\/10\/Movement-1.png","contentUrl":"https:\/\/yourlifeatlas.com\/wp-content\/uploads\/2025\/10\/Movement-1.png"},{"@type":"BreadcrumbList","@id":"https:\/\/yourlifeatlas.com\/the-tools\/#breadcrumb","itemListElement":[{"@type":"ListItem","position":1,"name":"Home","item":"https:\/\/yourlifeatlas.com\/"},{"@type":"ListItem","position":2,"name":"The Tools"}]},{"@type":"WebSite","@id":"https:\/\/yourlifeatlas.com\/#website","url":"https:\/\/yourlifeatlas.com\/","name":"Atlas de la vie","description":"","potentialAction":[{"@type":"SearchAction","target":{"@type":"EntryPoint","urlTemplate":"https:\/\/yourlifeatlas.com\/?s={search_term_string}"},"query-input":{"@type":"PropertyValueSpecification","valueRequired":true,"valueName":"search_term_string"}}],"inLanguage":"fr-FR"}]}},"_links":{"self":[{"href":"https:\/\/yourlifeatlas.com\/fr\/wp-json\/wp\/v2\/pages\/197","targetHints":{"allow":["GET"]}}],"collection":[{"href":"https:\/\/yourlifeatlas.com\/fr\/wp-json\/wp\/v2\/pages"}],"about":[{"href":"https:\/\/yourlifeatlas.com\/fr\/wp-json\/wp\/v2\/types\/page"}],"author":[{"embeddable":true,"href":"https:\/\/yourlifeatlas.com\/fr\/wp-json\/wp\/v2\/users\/2"}],"replies":[{"embeddable":true,"href":"https:\/\/yourlifeatlas.com\/fr\/wp-json\/wp\/v2\/comments?post=197"}],"version-history":[{"count":1,"href":"https:\/\/yourlifeatlas.com\/fr\/wp-json\/wp\/v2\/pages\/197\/revisions"}],"predecessor-version":[{"id":198,"href":"https:\/\/yourlifeatlas.com\/fr\/wp-json\/wp\/v2\/pages\/197\/revisions\/198"}],"wp:attachment":[{"href":"https:\/\/yourlifeatlas.com\/fr\/wp-json\/wp\/v2\/media?parent=197"}],"curies":[{"name":"wp","href":"https:\/\/api.w.org\/{rel}","templated":true}]}}