{"id":199,"date":"2025-10-12T08:58:38","date_gmt":"2025-10-12T08:58:38","guid":{"rendered":"https:\/\/yourlifeatlas.com\/?page_id=199"},"modified":"2025-11-23T00:44:24","modified_gmt":"2025-11-23T00:44:24","slug":"user-groups","status":"publish","type":"page","link":"https:\/\/yourlifeatlas.com\/fr\/user-groups\/","title":{"rendered":"Groupes d'utilisateurs"},"content":{"rendered":"<div data-elementor-type=\"wp-page\" data-elementor-id=\"199\" class=\"elementor elementor-199\" wpc-filter-elementor-widget=\"1\" data-elementor-post-type=\"page\">\n\t\t\t\t<div class=\"elementor-element elementor-element-efc9d17 e-con-full e-flex e-con e-parent\" data-id=\"efc9d17\" data-element_type=\"container\" data-e-type=\"container\" data-settings=\"{&quot;background_background&quot;:&quot;classic&quot;}\">\n\t\t<div class=\"elementor-element elementor-element-a7d5e51 e-flex e-con-boxed e-con e-child\" data-id=\"a7d5e51\" data-element_type=\"container\" data-e-type=\"container\">\n\t\t\t\t\t<div class=\"e-con-inner\">\n\t\t\t\t<div class=\"elementor-element elementor-element-bc6961e elementor-widget__width-inherit elementor-widget elementor-widget-heading\" data-id=\"bc6961e\" data-element_type=\"widget\" data-e-type=\"widget\" data-widget_type=\"heading.default\">\n\t\t\t\t\t<h1 class=\"elementor-heading-title elementor-size-default\">Groupes d'utilisateurs<\/h1>\t\t\t\t<\/div>\n\t\t\t\t\t<\/div>\n\t\t\t\t<\/div>\n\t\t\t\t<\/div>\n\t\t<div class=\"elementor-element elementor-element-980d88e e-flex e-con-boxed e-con e-parent\" data-id=\"980d88e\" data-element_type=\"container\" data-e-type=\"container\">\n\t\t\t\t\t<div class=\"e-con-inner\">\n\t\t\t\t<div class=\"elementor-element elementor-element-e8f2cc2 elementor-widget__width-inherit elementor-widget elementor-widget-heading\" data-id=\"e8f2cc2\" data-element_type=\"widget\" data-e-type=\"widget\" data-widget_type=\"heading.default\">\n\t\t\t\t\t<h6 class=\"elementor-heading-title elementor-size-default\">Favoriser la croissance dans la vie et au travail<\/h6>\t\t\t\t<\/div>\n\t\t\t\t<div class=\"elementor-element elementor-element-8c8069f elementor-widget__width-inherit elementor-widget elementor-widget-text-editor\" data-id=\"8c8069f\" data-element_type=\"widget\" data-e-type=\"widget\" data-widget_type=\"text-editor.default\">\n\t\t\t\t\t\t\t\t\t<h2>Soutenir la croissance en <strong>Vie et travail<\/strong><\/h2>\t\t\t\t\t\t\t\t<\/div>\n\t\t<div class=\"elementor-element elementor-element-eae7e11 e-con-full e-flex e-con e-child\" data-id=\"eae7e11\" data-element_type=\"container\" data-e-type=\"container\">\n\t\t<div class=\"elementor-element elementor-element-c62e1f4 e-con-full user-group-grid-item e-flex e-con e-child\" data-id=\"c62e1f4\" data-element_type=\"container\" data-e-type=\"container\">\n\t\t\t\t<div class=\"elementor-element elementor-element-fa9cbba tools-inner-box elementor-position-top elementor-widget elementor-widget-image-box\" data-id=\"fa9cbba\" data-element_type=\"widget\" data-e-type=\"widget\" data-widget_type=\"image-box.default\">\n\t\t\t\t\t<div class=\"elementor-image-box-wrapper\"><figure class=\"elementor-image-box-img\"><img fetchpriority=\"high\" decoding=\"async\" width=\"356\" height=\"345\" src=\"https:\/\/yourlifeatlas.com\/wp-content\/uploads\/2025\/10\/user-group1.webp\" class=\"attachment-full size-full wp-image-142\" alt=\"\" srcset=\"https:\/\/yourlifeatlas.com\/wp-content\/uploads\/2025\/10\/user-group1.webp 356w, https:\/\/yourlifeatlas.com\/wp-content\/uploads\/2025\/10\/user-group1-300x291.webp 300w\" sizes=\"(max-width: 356px) 100vw, 356px\" \/><\/figure><div class=\"elementor-image-box-content\"><h4 class=\"elementor-image-box-title\">Enseignement sup\u00e9rieur<\/h4><p class=\"elementor-image-box-description\">Life Atlas\u00ae aide les \u00e9tudiants \u00e0 d\u00e9couvrir leurs talents naturels, \u00e0 clarifier leur but,\net \u00e0 progresser dans leur d\u00e9veloppement personnel gr\u00e2ce \u00e0 une suite dynamique d'outils en ligne qui d\u00e9veloppent la conscience de soi, la r\u00e9silience et l'orientation,\nla r\u00e9silience et l'orientation. En favorisant un sentiment partag\u00e9 de compr\u00e9hension des forces individuelles et de la diversit\u00e9 psychologique, Life Atlas\u00ae am\u00e9liore la qualit\u00e9 de vie des \u00e9tudiants.\ndes forces individuelles et de la diversit\u00e9 psychologique, Life Atlas\u00ae am\u00e9liore les relations sur le campus, renforce la communaut\u00e9 par le biais des anciens \u00e9tudiants et des \u00e9tudiants de l'universit\u00e9.\ncommunaut\u00e9 par le biais des liens entre les anciens et les \u00e9tudiants, et cultive une culture plus compatissante et orient\u00e9e vers un but pr\u00e9cis.<\/p><\/div><\/div>\t\t\t\t<\/div>\n\t\t\t\t<div class=\"elementor-element elementor-element-3fcef80 elementor-absolute elementor-widget elementor-widget-heading\" data-id=\"3fcef80\" data-element_type=\"widget\" data-e-type=\"widget\" data-settings=\"{&quot;_position&quot;:&quot;absolute&quot;}\" data-widget_type=\"heading.default\">\n\t\t\t\t\t<div class=\"elementor-heading-title elementor-size-default\"><a href=\"https:\/\/yourlifeatlas.com\/fr\/higher-education\/\">En savoir plus<\/a><\/div>\t\t\t\t<\/div>\n\t\t\t\t<\/div>\n\t\t<div class=\"elementor-element elementor-element-c1edac0 e-con-full user-group-grid-item e-flex e-con e-child\" data-id=\"c1edac0\" data-element_type=\"container\" data-e-type=\"container\">\n\t\t\t\t<div class=\"elementor-element elementor-element-a0d69ab tools-inner-box elementor-position-top elementor-widget elementor-widget-image-box\" data-id=\"a0d69ab\" data-element_type=\"widget\" data-e-type=\"widget\" data-widget_type=\"image-box.default\">\n\t\t\t\t\t<div class=\"elementor-image-box-wrapper\"><figure class=\"elementor-image-box-img\"><img decoding=\"async\" width=\"355\" height=\"345\" src=\"https:\/\/yourlifeatlas.com\/wp-content\/uploads\/2025\/11\/Untitled-design-7.png\" class=\"attachment-full size-full wp-image-3108\" alt=\"\" srcset=\"https:\/\/yourlifeatlas.com\/wp-content\/uploads\/2025\/11\/Untitled-design-7.png 355w, https:\/\/yourlifeatlas.com\/wp-content\/uploads\/2025\/11\/Untitled-design-7-300x292.png 300w\" sizes=\"(max-width: 355px) 100vw, 355px\" \/><\/figure><div class=\"elementor-image-box-content\"><h4 class=\"elementor-image-box-title\">Communaut\u00e9s religieuses<\/h4><p class=\"elementor-image-box-description\">Life Atlas\u00ae favorise une culture de croissance, d'appartenance et d'objectif, en aidant les gens \u00e0 vivre leur foi \u00e0 travers l'expression authentique de leurs dons. Nous aidons les congr\u00e9gations \u00e0 approfondir leur compr\u00e9hension d'elles-m\u00eames, \u00e0 renforcer leurs relations et \u00e0 inspirer des services significatifs. Les membres comprennent mieux comment leurs forces uniques peuvent contribuer \u00e0 la vie et \u00e0 la mission de la communaut\u00e9, tandis que les dirigeants peuvent guider les autres avec plus de perspicacit\u00e9 et de compassion. <\/p><\/div><\/div>\t\t\t\t<\/div>\n\t\t\t\t<div class=\"elementor-element elementor-element-a509298 elementor-absolute elementor-widget elementor-widget-heading\" data-id=\"a509298\" data-element_type=\"widget\" data-e-type=\"widget\" data-settings=\"{&quot;_position&quot;:&quot;absolute&quot;}\" data-widget_type=\"heading.default\">\n\t\t\t\t\t<div class=\"elementor-heading-title elementor-size-default\"><a href=\"https:\/\/yourlifeatlas.com\/fr\/faith-communities\/\">En savoir plus<\/a><\/div>\t\t\t\t<\/div>\n\t\t\t\t<\/div>\n\t\t<div class=\"elementor-element elementor-element-0b00b61 e-con-full user-group-grid-item e-flex e-con e-child\" data-id=\"0b00b61\" data-element_type=\"container\" data-e-type=\"container\">\n\t\t\t\t<div class=\"elementor-element elementor-element-ca1d12c tools-inner-box elementor-position-top elementor-widget elementor-widget-image-box\" data-id=\"ca1d12c\" data-element_type=\"widget\" data-e-type=\"widget\" data-widget_type=\"image-box.default\">\n\t\t\t\t\t<div class=\"elementor-image-box-wrapper\"><figure class=\"elementor-image-box-img\"><img decoding=\"async\" width=\"355\" height=\"345\" src=\"https:\/\/yourlifeatlas.com\/wp-content\/uploads\/2025\/11\/Untitled-design-8-1.png\" class=\"attachment-full size-full wp-image-3177\" alt=\"\" srcset=\"https:\/\/yourlifeatlas.com\/wp-content\/uploads\/2025\/11\/Untitled-design-8-1.png 355w, https:\/\/yourlifeatlas.com\/wp-content\/uploads\/2025\/11\/Untitled-design-8-1-300x292.png 300w\" sizes=\"(max-width: 355px) 100vw, 355px\" \/><\/figure><div class=\"elementor-image-box-content\"><h4 class=\"elementor-image-box-title\">Organisations<\/h4><p class=\"elementor-image-box-description\">Life Atlas\u00ae aide les organisations \u00e0 faire ressortir le meilleur de leurs collaborateurs en alignant les dons individuels sur les r\u00f4les o\u00f9 ils peuvent s'\u00e9panouir. Nos outils valid\u00e9s permettent de mieux comprendre les forces, les motivations et les styles de communication. Cette compr\u00e9hension am\u00e9liore le travail d'\u00e9quipe, le d\u00e9veloppement du leadership et l'engagement des employ\u00e9s, tout en r\u00e9duisant le turnover et le burnout. Life Atlas\u00ae aide \u00e0 cr\u00e9er des lieux de travail o\u00f9 les personnes apportent leurs talents naturels et trouvent un sens \u00e0 ce qu'elles font.<\/p><\/div><\/div>\t\t\t\t<\/div>\n\t\t\t\t<div class=\"elementor-element elementor-element-3d8161f elementor-absolute elementor-widget elementor-widget-heading\" data-id=\"3d8161f\" data-element_type=\"widget\" data-e-type=\"widget\" data-settings=\"{&quot;_position&quot;:&quot;absolute&quot;}\" data-widget_type=\"heading.default\">\n\t\t\t\t\t<div class=\"elementor-heading-title elementor-size-default\"><a href=\"https:\/\/yourlifeatlas.com\/fr\/for-organizations\/\">En savoir plus<\/a><\/div>\t\t\t\t<\/div>\n\t\t\t\t<\/div>\n\t\t<div class=\"elementor-element elementor-element-7b20271 e-con-full user-group-grid-item e-flex e-con e-child\" data-id=\"7b20271\" data-element_type=\"container\" data-e-type=\"container\">\n\t\t\t\t<div class=\"elementor-element elementor-element-1bb1c0b tools-inner-box elementor-position-top elementor-widget elementor-widget-image-box\" data-id=\"1bb1c0b\" data-element_type=\"widget\" data-e-type=\"widget\" data-widget_type=\"image-box.default\">\n\t\t\t\t\t<div class=\"elementor-image-box-wrapper\"><figure class=\"elementor-image-box-img\"><img loading=\"lazy\" decoding=\"async\" width=\"355\" height=\"345\" src=\"https:\/\/yourlifeatlas.com\/wp-content\/uploads\/2025\/11\/Untitled-design-9.png\" class=\"attachment-full size-full wp-image-3112\" alt=\"\" srcset=\"https:\/\/yourlifeatlas.com\/wp-content\/uploads\/2025\/11\/Untitled-design-9.png 355w, https:\/\/yourlifeatlas.com\/wp-content\/uploads\/2025\/11\/Untitled-design-9-300x292.png 300w\" sizes=\"(max-width: 355px) 100vw, 355px\" \/><\/figure><div class=\"elementor-image-box-content\"><h4 class=\"elementor-image-box-title\">Praticiens<\/h4><p class=\"elementor-image-box-description\">Life Atlas\u00ae fournit aux praticiens un cadre complet pour guider le d\u00e9veloppement personnel et la clart\u00e9 de la vocation. Bas\u00e9s sur les connaissances fondamentales de C. G. Jung, nos outils aident les clients \u00e0 identifier leurs dons naturels, \u00e0 approfondir leur compr\u00e9hension de soi et \u00e0 aligner leur vie sur un but plus important. Qu'il soit utilis\u00e9 dans le cadre du conseil, du coaching, du minist\u00e8re ou du d\u00e9veloppement organisationnel, Life Atlas\u00ae am\u00e9liore votre pratique professionnelle gr\u00e2ce \u00e0 des \u00e9valuations valid\u00e9es, des mod\u00e8les d'interpr\u00e9tation clairs et une communaut\u00e9 de pairs qui vous soutiennent. Il vous permet d'aider les autres non seulement \u00e0 comprendre qui ils sont, mais aussi \u00e0 devenir ce qu'ils sont appel\u00e9s \u00e0 devenir.<\/p><\/div><\/div>\t\t\t\t<\/div>\n\t\t\t\t<div class=\"elementor-element elementor-element-48c5de5 elementor-absolute elementor-widget elementor-widget-heading\" data-id=\"48c5de5\" data-element_type=\"widget\" data-e-type=\"widget\" data-settings=\"{&quot;_position&quot;:&quot;absolute&quot;}\" data-widget_type=\"heading.default\">\n\t\t\t\t\t<div class=\"elementor-heading-title elementor-size-default\"><a href=\"https:\/\/yourlifeatlas.com\/fr\/practitioners\/\">En savoir plus<\/a><\/div>\t\t\t\t<\/div>\n\t\t\t\t<\/div>\n\t\t\t\t<\/div>\n\t\t\t\t\t<\/div>\n\t\t\t\t<\/div>\n\t\t\t\t<\/div>","protected":false},"excerpt":{"rendered":"<p>User Groups Empowering Growth Across Life &amp; Work Supporting Growth in Life &#038; Work Higher Education Life Atlas\u00ae assists students in discovering their natural talents, clarifying their purpose, and advancing personal growth through a dynamic suite of online tools that build self-awareness, resilience, and direction. By fostering a shared sense of understanding of individual strengths [&hellip;]<\/p>\n","protected":false},"author":2,"featured_media":0,"parent":0,"menu_order":0,"comment_status":"closed","ping_status":"closed","template":"","meta":{"_acf_changed":false,"footnotes":""},"class_list":["post-199","page","type-page","status-publish","hentry"],"acf":[],"yoast_head":"<!-- This site is optimized with the Yoast SEO Premium plugin v27.4 (Yoast SEO v27.4) - https:\/\/yoast.com\/product\/yoast-seo-premium-wordpress\/ -->\n<title>User Groups - Life Atlas<\/title>\n<meta name=\"robots\" content=\"index, follow, max-snippet:-1, max-image-preview:large, max-video-preview:-1\" \/>\n<link rel=\"canonical\" href=\"https:\/\/yourlifeatlas.com\/fr\/user-groups\/\" \/>\n<meta property=\"og:locale\" content=\"fr_FR\" \/>\n<meta property=\"og:type\" content=\"article\" \/>\n<meta property=\"og:title\" content=\"User Groups\" \/>\n<meta property=\"og:description\" content=\"User Groups Empowering Growth Across Life &amp; Work Supporting Growth in Life &#038; Work Higher Education Life Atlas\u00ae assists students in discovering their natural talents, clarifying their purpose, and advancing personal growth through a dynamic suite of online tools that build self-awareness, resilience, and direction. By fostering a shared sense of understanding of individual strengths [&hellip;]\" \/>\n<meta property=\"og:url\" content=\"https:\/\/yourlifeatlas.com\/fr\/user-groups\/\" \/>\n<meta property=\"og:site_name\" content=\"Life Atlas\" \/>\n<meta property=\"article:modified_time\" content=\"2025-11-23T00:44:24+00:00\" \/>\n<meta property=\"og:image\" content=\"https:\/\/yourlifeatlas.com\/wp-content\/uploads\/2025\/10\/user-group1.webp\" \/>\n<meta name=\"twitter:card\" content=\"summary_large_image\" \/>\n<meta name=\"twitter:label1\" content=\"Dur\u00e9e de lecture estim\u00e9e\" \/>\n\t<meta name=\"twitter:data1\" content=\"1 minute\" \/>\n<script type=\"application\/ld+json\" class=\"yoast-schema-graph\">{\"@context\":\"https:\\\/\\\/schema.org\",\"@graph\":[{\"@type\":\"WebPage\",\"@id\":\"https:\\\/\\\/yourlifeatlas.com\\\/user-groups\\\/\",\"url\":\"https:\\\/\\\/yourlifeatlas.com\\\/user-groups\\\/\",\"name\":\"User Groups - Life Atlas\",\"isPartOf\":{\"@id\":\"https:\\\/\\\/yourlifeatlas.com\\\/#website\"},\"primaryImageOfPage\":{\"@id\":\"https:\\\/\\\/yourlifeatlas.com\\\/user-groups\\\/#primaryimage\"},\"image\":{\"@id\":\"https:\\\/\\\/yourlifeatlas.com\\\/user-groups\\\/#primaryimage\"},\"thumbnailUrl\":\"https:\\\/\\\/yourlifeatlas.com\\\/wp-content\\\/uploads\\\/2025\\\/10\\\/user-group1.webp\",\"datePublished\":\"2025-10-12T08:58:38+00:00\",\"dateModified\":\"2025-11-23T00:44:24+00:00\",\"breadcrumb\":{\"@id\":\"https:\\\/\\\/yourlifeatlas.com\\\/user-groups\\\/#breadcrumb\"},\"inLanguage\":\"fr-FR\",\"potentialAction\":[{\"@type\":\"ReadAction\",\"target\":[\"https:\\\/\\\/yourlifeatlas.com\\\/user-groups\\\/\"]}]},{\"@type\":\"ImageObject\",\"inLanguage\":\"fr-FR\",\"@id\":\"https:\\\/\\\/yourlifeatlas.com\\\/user-groups\\\/#primaryimage\",\"url\":\"https:\\\/\\\/yourlifeatlas.com\\\/wp-content\\\/uploads\\\/2025\\\/10\\\/user-group1.webp\",\"contentUrl\":\"https:\\\/\\\/yourlifeatlas.com\\\/wp-content\\\/uploads\\\/2025\\\/10\\\/user-group1.webp\"},{\"@type\":\"BreadcrumbList\",\"@id\":\"https:\\\/\\\/yourlifeatlas.com\\\/user-groups\\\/#breadcrumb\",\"itemListElement\":[{\"@type\":\"ListItem\",\"position\":1,\"name\":\"Home\",\"item\":\"https:\\\/\\\/yourlifeatlas.com\\\/\"},{\"@type\":\"ListItem\",\"position\":2,\"name\":\"User Groups\"}]},{\"@type\":\"WebSite\",\"@id\":\"https:\\\/\\\/yourlifeatlas.com\\\/#website\",\"url\":\"https:\\\/\\\/yourlifeatlas.com\\\/\",\"name\":\"Life Atlas\",\"description\":\"\",\"potentialAction\":[{\"@type\":\"SearchAction\",\"target\":{\"@type\":\"EntryPoint\",\"urlTemplate\":\"https:\\\/\\\/yourlifeatlas.com\\\/?s={search_term_string}\"},\"query-input\":{\"@type\":\"PropertyValueSpecification\",\"valueRequired\":true,\"valueName\":\"search_term_string\"}}],\"inLanguage\":\"fr-FR\"}]}<\/script>\n<!-- \/ Yoast SEO Premium plugin. -->","yoast_head_json":{"title":"User Groups - Life Atlas","robots":{"index":"index","follow":"follow","max-snippet":"max-snippet:-1","max-image-preview":"max-image-preview:large","max-video-preview":"max-video-preview:-1"},"canonical":"https:\/\/yourlifeatlas.com\/fr\/user-groups\/","og_locale":"fr_FR","og_type":"article","og_title":"User Groups","og_description":"User Groups Empowering Growth Across Life &amp; Work Supporting Growth in Life &#038; Work Higher Education Life Atlas\u00ae assists students in discovering their natural talents, clarifying their purpose, and advancing personal growth through a dynamic suite of online tools that build self-awareness, resilience, and direction. By fostering a shared sense of understanding of individual strengths [&hellip;]","og_url":"https:\/\/yourlifeatlas.com\/fr\/user-groups\/","og_site_name":"Life Atlas","article_modified_time":"2025-11-23T00:44:24+00:00","og_image":[{"url":"https:\/\/yourlifeatlas.com\/wp-content\/uploads\/2025\/10\/user-group1.webp","type":"","width":"","height":""}],"twitter_card":"summary_large_image","twitter_misc":{"Dur\u00e9e de lecture estim\u00e9e":"1 minute"},"schema":{"@context":"https:\/\/schema.org","@graph":[{"@type":"WebPage","@id":"https:\/\/yourlifeatlas.com\/user-groups\/","url":"https:\/\/yourlifeatlas.com\/user-groups\/","name":"User Groups - Life Atlas","isPartOf":{"@id":"https:\/\/yourlifeatlas.com\/#website"},"primaryImageOfPage":{"@id":"https:\/\/yourlifeatlas.com\/user-groups\/#primaryimage"},"image":{"@id":"https:\/\/yourlifeatlas.com\/user-groups\/#primaryimage"},"thumbnailUrl":"https:\/\/yourlifeatlas.com\/wp-content\/uploads\/2025\/10\/user-group1.webp","datePublished":"2025-10-12T08:58:38+00:00","dateModified":"2025-11-23T00:44:24+00:00","breadcrumb":{"@id":"https:\/\/yourlifeatlas.com\/user-groups\/#breadcrumb"},"inLanguage":"fr-FR","potentialAction":[{"@type":"ReadAction","target":["https:\/\/yourlifeatlas.com\/user-groups\/"]}]},{"@type":"ImageObject","inLanguage":"fr-FR","@id":"https:\/\/yourlifeatlas.com\/user-groups\/#primaryimage","url":"https:\/\/yourlifeatlas.com\/wp-content\/uploads\/2025\/10\/user-group1.webp","contentUrl":"https:\/\/yourlifeatlas.com\/wp-content\/uploads\/2025\/10\/user-group1.webp"},{"@type":"BreadcrumbList","@id":"https:\/\/yourlifeatlas.com\/user-groups\/#breadcrumb","itemListElement":[{"@type":"ListItem","position":1,"name":"Home","item":"https:\/\/yourlifeatlas.com\/"},{"@type":"ListItem","position":2,"name":"User Groups"}]},{"@type":"WebSite","@id":"https:\/\/yourlifeatlas.com\/#website","url":"https:\/\/yourlifeatlas.com\/","name":"Atlas de la vie","description":"","potentialAction":[{"@type":"SearchAction","target":{"@type":"EntryPoint","urlTemplate":"https:\/\/yourlifeatlas.com\/?s={search_term_string}"},"query-input":{"@type":"PropertyValueSpecification","valueRequired":true,"valueName":"search_term_string"}}],"inLanguage":"fr-FR"}]}},"_links":{"self":[{"href":"https:\/\/yourlifeatlas.com\/fr\/wp-json\/wp\/v2\/pages\/199","targetHints":{"allow":["GET"]}}],"collection":[{"href":"https:\/\/yourlifeatlas.com\/fr\/wp-json\/wp\/v2\/pages"}],"about":[{"href":"https:\/\/yourlifeatlas.com\/fr\/wp-json\/wp\/v2\/types\/page"}],"author":[{"embeddable":true,"href":"https:\/\/yourlifeatlas.com\/fr\/wp-json\/wp\/v2\/users\/2"}],"replies":[{"embeddable":true,"href":"https:\/\/yourlifeatlas.com\/fr\/wp-json\/wp\/v2\/comments?post=199"}],"version-history":[{"count":1,"href":"https:\/\/yourlifeatlas.com\/fr\/wp-json\/wp\/v2\/pages\/199\/revisions"}],"predecessor-version":[{"id":200,"href":"https:\/\/yourlifeatlas.com\/fr\/wp-json\/wp\/v2\/pages\/199\/revisions\/200"}],"wp:attachment":[{"href":"https:\/\/yourlifeatlas.com\/fr\/wp-json\/wp\/v2\/media?parent=199"}],"curies":[{"name":"wp","href":"https:\/\/api.w.org\/{rel}","templated":true}]}}