{"id":199,"date":"2025-10-12T08:58:38","date_gmt":"2025-10-12T08:58:38","guid":{"rendered":"https:\/\/yourlifeatlas.com\/?page_id=199"},"modified":"2025-11-23T00:44:24","modified_gmt":"2025-11-23T00:44:24","slug":"user-groups","status":"publish","type":"page","link":"https:\/\/yourlifeatlas.com\/pt\/user-groups\/","title":{"rendered":"Grupos de usu\u00e1rios"},"content":{"rendered":"<div data-elementor-type=\"wp-page\" data-elementor-id=\"199\" class=\"elementor elementor-199\" wpc-filter-elementor-widget=\"1\" data-elementor-post-type=\"page\">\n\t\t\t\t<div class=\"elementor-element elementor-element-efc9d17 e-con-full e-flex e-con e-parent\" data-id=\"efc9d17\" data-element_type=\"container\" data-e-type=\"container\" data-settings=\"{&quot;background_background&quot;:&quot;classic&quot;}\">\n\t\t<div class=\"elementor-element elementor-element-a7d5e51 e-flex e-con-boxed e-con e-child\" data-id=\"a7d5e51\" data-element_type=\"container\" data-e-type=\"container\">\n\t\t\t\t\t<div class=\"e-con-inner\">\n\t\t\t\t<div class=\"elementor-element elementor-element-bc6961e elementor-widget__width-inherit elementor-widget elementor-widget-heading\" data-id=\"bc6961e\" data-element_type=\"widget\" data-e-type=\"widget\" data-widget_type=\"heading.default\">\n\t\t\t\t\t<h1 class=\"elementor-heading-title elementor-size-default\">Grupos de usu\u00e1rios<\/h1>\t\t\t\t<\/div>\n\t\t\t\t\t<\/div>\n\t\t\t\t<\/div>\n\t\t\t\t<\/div>\n\t\t<div class=\"elementor-element elementor-element-980d88e e-flex e-con-boxed e-con e-parent\" data-id=\"980d88e\" data-element_type=\"container\" data-e-type=\"container\">\n\t\t\t\t\t<div class=\"e-con-inner\">\n\t\t\t\t<div class=\"elementor-element elementor-element-e8f2cc2 elementor-widget__width-inherit elementor-widget elementor-widget-heading\" data-id=\"e8f2cc2\" data-element_type=\"widget\" data-e-type=\"widget\" data-widget_type=\"heading.default\">\n\t\t\t\t\t<h6 class=\"elementor-heading-title elementor-size-default\">Promovendo o crescimento em todas as \u00e1reas da vida e do trabalho.<\/h6>\t\t\t\t<\/div>\n\t\t\t\t<div class=\"elementor-element elementor-element-8c8069f elementor-widget__width-inherit elementor-widget elementor-widget-text-editor\" data-id=\"8c8069f\" data-element_type=\"widget\" data-e-type=\"widget\" data-widget_type=\"text-editor.default\">\n\t\t\t\t\t\t\t\t\t<h2>Apoiar o crescimento em <strong>Vida e Trabalho<\/strong><\/h2>\t\t\t\t\t\t\t\t<\/div>\n\t\t<div class=\"elementor-element elementor-element-eae7e11 e-con-full e-flex e-con e-child\" data-id=\"eae7e11\" data-element_type=\"container\" data-e-type=\"container\">\n\t\t<div class=\"elementor-element elementor-element-c62e1f4 e-con-full user-group-grid-item e-flex e-con e-child\" data-id=\"c62e1f4\" data-element_type=\"container\" data-e-type=\"container\">\n\t\t\t\t<div class=\"elementor-element elementor-element-fa9cbba tools-inner-box elementor-position-top elementor-widget elementor-widget-image-box\" data-id=\"fa9cbba\" data-element_type=\"widget\" data-e-type=\"widget\" data-widget_type=\"image-box.default\">\n\t\t\t\t\t<div class=\"elementor-image-box-wrapper\"><figure class=\"elementor-image-box-img\"><img fetchpriority=\"high\" decoding=\"async\" width=\"356\" height=\"345\" src=\"https:\/\/yourlifeatlas.com\/wp-content\/uploads\/2025\/10\/user-group1.webp\" class=\"attachment-full size-full wp-image-142\" alt=\"\" srcset=\"https:\/\/yourlifeatlas.com\/wp-content\/uploads\/2025\/10\/user-group1.webp 356w, https:\/\/yourlifeatlas.com\/wp-content\/uploads\/2025\/10\/user-group1-300x291.webp 300w\" sizes=\"(max-width: 356px) 100vw, 356px\" \/><\/figure><div class=\"elementor-image-box-content\"><h4 class=\"elementor-image-box-title\">Ensino superior<\/h4><p class=\"elementor-image-box-description\">Life Atlas\u00ae assists students in discovering their natural talents, clarifying their purpose,\nand advancing personal growth through a dynamic suite of online tools that build self-awareness,\nresilience, and direction. By fostering a shared sense of understanding of individual strengths and\npsychological diversity, Life Atlas\u00ae enhances relationships across campus, strengthens the\ncommunity through alumni-student connections, and cultivates a more compassionate, purposedriven culture.<\/p><\/div><\/div>\t\t\t\t<\/div>\n\t\t\t\t<div class=\"elementor-element elementor-element-3fcef80 elementor-absolute elementor-widget elementor-widget-heading\" data-id=\"3fcef80\" data-element_type=\"widget\" data-e-type=\"widget\" data-settings=\"{&quot;_position&quot;:&quot;absolute&quot;}\" data-widget_type=\"heading.default\">\n\t\t\t\t\t<div class=\"elementor-heading-title elementor-size-default\"><a href=\"https:\/\/yourlifeatlas.com\/pt\/higher-education\/\">Leia mais<\/a><\/div>\t\t\t\t<\/div>\n\t\t\t\t<\/div>\n\t\t<div class=\"elementor-element elementor-element-c1edac0 e-con-full user-group-grid-item e-flex e-con e-child\" data-id=\"c1edac0\" data-element_type=\"container\" data-e-type=\"container\">\n\t\t\t\t<div class=\"elementor-element elementor-element-a0d69ab tools-inner-box elementor-position-top elementor-widget elementor-widget-image-box\" data-id=\"a0d69ab\" data-element_type=\"widget\" data-e-type=\"widget\" data-widget_type=\"image-box.default\">\n\t\t\t\t\t<div class=\"elementor-image-box-wrapper\"><figure class=\"elementor-image-box-img\"><img decoding=\"async\" width=\"355\" height=\"345\" src=\"https:\/\/yourlifeatlas.com\/wp-content\/uploads\/2025\/11\/Untitled-design-7.png\" class=\"attachment-full size-full wp-image-3108\" alt=\"\" srcset=\"https:\/\/yourlifeatlas.com\/wp-content\/uploads\/2025\/11\/Untitled-design-7.png 355w, https:\/\/yourlifeatlas.com\/wp-content\/uploads\/2025\/11\/Untitled-design-7-300x292.png 300w\" sizes=\"(max-width: 355px) 100vw, 355px\" \/><\/figure><div class=\"elementor-image-box-content\"><h4 class=\"elementor-image-box-title\">Comunidades de f\u00e9<\/h4><p class=\"elementor-image-box-description\">A Life Atlas\u00ae promove uma cultura de crescimento, pertencimento e prop\u00f3sito, ajudando as pessoas a vivenciarem sua f\u00e9 por meio da express\u00e3o aut\u00eantica de seus dons. Auxiliamos as congrega\u00e7\u00f5es a cultivarem um autoconhecimento mais profundo, fortalecerem relacionamentos e inspirarem um servi\u00e7o significativo. Os membros obt\u00eam clareza sobre como seus pontos fortes \u00fanicos podem contribuir para a vida e a miss\u00e3o da comunidade, enquanto os l\u00edderes podem guiar outros com maior discernimento e compaix\u00e3o. <\/p><\/div><\/div>\t\t\t\t<\/div>\n\t\t\t\t<div class=\"elementor-element elementor-element-a509298 elementor-absolute elementor-widget elementor-widget-heading\" data-id=\"a509298\" data-element_type=\"widget\" data-e-type=\"widget\" data-settings=\"{&quot;_position&quot;:&quot;absolute&quot;}\" data-widget_type=\"heading.default\">\n\t\t\t\t\t<div class=\"elementor-heading-title elementor-size-default\"><a href=\"https:\/\/yourlifeatlas.com\/pt\/faith-communities\/\">Leia mais<\/a><\/div>\t\t\t\t<\/div>\n\t\t\t\t<\/div>\n\t\t<div class=\"elementor-element elementor-element-0b00b61 e-con-full user-group-grid-item e-flex e-con e-child\" data-id=\"0b00b61\" data-element_type=\"container\" data-e-type=\"container\">\n\t\t\t\t<div class=\"elementor-element elementor-element-ca1d12c tools-inner-box elementor-position-top elementor-widget elementor-widget-image-box\" data-id=\"ca1d12c\" data-element_type=\"widget\" data-e-type=\"widget\" data-widget_type=\"image-box.default\">\n\t\t\t\t\t<div class=\"elementor-image-box-wrapper\"><figure class=\"elementor-image-box-img\"><img decoding=\"async\" width=\"355\" height=\"345\" src=\"https:\/\/yourlifeatlas.com\/wp-content\/uploads\/2025\/11\/Untitled-design-8-1.png\" class=\"attachment-full size-full wp-image-3177\" alt=\"\" srcset=\"https:\/\/yourlifeatlas.com\/wp-content\/uploads\/2025\/11\/Untitled-design-8-1.png 355w, https:\/\/yourlifeatlas.com\/wp-content\/uploads\/2025\/11\/Untitled-design-8-1-300x292.png 300w\" sizes=\"(max-width: 355px) 100vw, 355px\" \/><\/figure><div class=\"elementor-image-box-content\"><h4 class=\"elementor-image-box-title\">Organiza\u00e7\u00f5es<\/h4><p class=\"elementor-image-box-description\">A Life Atlas\u00ae ajuda as organiza\u00e7\u00f5es a extrair o melhor de seus colaboradores, alinhando talentos individuais com fun\u00e7\u00f5es nas quais eles possam prosperar. Nossas ferramentas validadas oferecem uma vis\u00e3o profunda das for\u00e7as, motiva\u00e7\u00f5es e estilos de comunica\u00e7\u00e3o de cada um. Essa compreens\u00e3o aprimora o trabalho em equipe, o desenvolvimento de lideran\u00e7a e o engajamento dos funcion\u00e1rios, ao mesmo tempo que reduz a rotatividade e o esgotamento profissional. A Life Atlas\u00ae ajuda a criar ambientes de trabalho onde as pessoas contribuem com seus talentos naturais e encontram significado no que fazem.<\/p><\/div><\/div>\t\t\t\t<\/div>\n\t\t\t\t<div class=\"elementor-element elementor-element-3d8161f elementor-absolute elementor-widget elementor-widget-heading\" data-id=\"3d8161f\" data-element_type=\"widget\" data-e-type=\"widget\" data-settings=\"{&quot;_position&quot;:&quot;absolute&quot;}\" data-widget_type=\"heading.default\">\n\t\t\t\t\t<div class=\"elementor-heading-title elementor-size-default\"><a href=\"https:\/\/yourlifeatlas.com\/pt\/for-organizations\/\">Leia mais<\/a><\/div>\t\t\t\t<\/div>\n\t\t\t\t<\/div>\n\t\t<div class=\"elementor-element elementor-element-7b20271 e-con-full user-group-grid-item e-flex e-con e-child\" data-id=\"7b20271\" data-element_type=\"container\" data-e-type=\"container\">\n\t\t\t\t<div class=\"elementor-element elementor-element-1bb1c0b tools-inner-box elementor-position-top elementor-widget elementor-widget-image-box\" data-id=\"1bb1c0b\" data-element_type=\"widget\" data-e-type=\"widget\" data-widget_type=\"image-box.default\">\n\t\t\t\t\t<div class=\"elementor-image-box-wrapper\"><figure class=\"elementor-image-box-img\"><img loading=\"lazy\" decoding=\"async\" width=\"355\" height=\"345\" src=\"https:\/\/yourlifeatlas.com\/wp-content\/uploads\/2025\/11\/Untitled-design-9.png\" class=\"attachment-full size-full wp-image-3112\" alt=\"\" srcset=\"https:\/\/yourlifeatlas.com\/wp-content\/uploads\/2025\/11\/Untitled-design-9.png 355w, https:\/\/yourlifeatlas.com\/wp-content\/uploads\/2025\/11\/Untitled-design-9-300x292.png 300w\" sizes=\"(max-width: 355px) 100vw, 355px\" \/><\/figure><div class=\"elementor-image-box-content\"><h4 class=\"elementor-image-box-title\">Profissionais<\/h4><p class=\"elementor-image-box-description\">O Life Atlas\u00ae oferece aos profissionais uma estrutura abrangente para orientar o crescimento pessoal e a clareza vocacional. Baseado nos insights fundamentais de C.G. Jung, nossas ferramentas ajudam os clientes a identificar seus talentos naturais, aprofundar o autoconhecimento e alinhar suas vidas a um prop\u00f3sito maior. Seja em aconselhamento, coaching, minist\u00e9rio ou desenvolvimento organizacional, o Life Atlas\u00ae aprimora sua pr\u00e1tica profissional com avalia\u00e7\u00f5es validadas, modelos interpretativos claros e uma comunidade de apoio formada por colegas. Ele capacita voc\u00ea a ajudar outras pessoas n\u00e3o apenas a entender quem s\u00e3o, mas tamb\u00e9m a se tornarem quem foram chamadas a ser.<\/p><\/div><\/div>\t\t\t\t<\/div>\n\t\t\t\t<div class=\"elementor-element elementor-element-48c5de5 elementor-absolute elementor-widget elementor-widget-heading\" data-id=\"48c5de5\" data-element_type=\"widget\" data-e-type=\"widget\" data-settings=\"{&quot;_position&quot;:&quot;absolute&quot;}\" data-widget_type=\"heading.default\">\n\t\t\t\t\t<div class=\"elementor-heading-title elementor-size-default\"><a href=\"https:\/\/yourlifeatlas.com\/pt\/practitioners\/\">Leia mais<\/a><\/div>\t\t\t\t<\/div>\n\t\t\t\t<\/div>\n\t\t\t\t<\/div>\n\t\t\t\t\t<\/div>\n\t\t\t\t<\/div>\n\t\t\t\t<\/div>","protected":false},"excerpt":{"rendered":"<p>User Groups Empowering Growth Across Life &amp; Work Supporting Growth in Life &#038; Work Higher Education Life Atlas\u00ae assists students in discovering their natural talents, clarifying their purpose, and advancing personal growth through a dynamic suite of online tools that build self-awareness, resilience, and direction. By fostering a shared sense of understanding of individual strengths [&hellip;]<\/p>\n","protected":false},"author":2,"featured_media":0,"parent":0,"menu_order":0,"comment_status":"closed","ping_status":"closed","template":"","meta":{"_acf_changed":false,"footnotes":""},"class_list":["post-199","page","type-page","status-publish","hentry"],"acf":[],"yoast_head":"<!-- This site is optimized with the Yoast SEO Premium plugin v27.4 (Yoast SEO v27.4) - https:\/\/yoast.com\/product\/yoast-seo-premium-wordpress\/ -->\n<title>User Groups - Life Atlas<\/title>\n<meta name=\"robots\" content=\"index, follow, max-snippet:-1, max-image-preview:large, max-video-preview:-1\" \/>\n<link rel=\"canonical\" href=\"https:\/\/yourlifeatlas.com\/pt\/user-groups\/\" \/>\n<meta property=\"og:locale\" content=\"pt_BR\" \/>\n<meta property=\"og:type\" content=\"article\" \/>\n<meta property=\"og:title\" content=\"User Groups\" \/>\n<meta property=\"og:description\" content=\"User Groups Empowering Growth Across Life &amp; Work Supporting Growth in Life &#038; Work Higher Education Life Atlas\u00ae assists students in discovering their natural talents, clarifying their purpose, and advancing personal growth through a dynamic suite of online tools that build self-awareness, resilience, and direction. By fostering a shared sense of understanding of individual strengths [&hellip;]\" \/>\n<meta property=\"og:url\" content=\"https:\/\/yourlifeatlas.com\/pt\/user-groups\/\" \/>\n<meta property=\"og:site_name\" content=\"Life Atlas\" \/>\n<meta property=\"article:modified_time\" content=\"2025-11-23T00:44:24+00:00\" \/>\n<meta property=\"og:image\" content=\"https:\/\/yourlifeatlas.com\/wp-content\/uploads\/2025\/10\/user-group1.webp\" \/>\n<meta name=\"twitter:card\" content=\"summary_large_image\" \/>\n<meta name=\"twitter:label1\" content=\"Est. tempo de leitura\" \/>\n\t<meta name=\"twitter:data1\" content=\"1 minuto\" \/>\n<script type=\"application\/ld+json\" class=\"yoast-schema-graph\">{\"@context\":\"https:\\\/\\\/schema.org\",\"@graph\":[{\"@type\":\"WebPage\",\"@id\":\"https:\\\/\\\/yourlifeatlas.com\\\/user-groups\\\/\",\"url\":\"https:\\\/\\\/yourlifeatlas.com\\\/user-groups\\\/\",\"name\":\"User Groups - Life Atlas\",\"isPartOf\":{\"@id\":\"https:\\\/\\\/yourlifeatlas.com\\\/#website\"},\"primaryImageOfPage\":{\"@id\":\"https:\\\/\\\/yourlifeatlas.com\\\/user-groups\\\/#primaryimage\"},\"image\":{\"@id\":\"https:\\\/\\\/yourlifeatlas.com\\\/user-groups\\\/#primaryimage\"},\"thumbnailUrl\":\"https:\\\/\\\/yourlifeatlas.com\\\/wp-content\\\/uploads\\\/2025\\\/10\\\/user-group1.webp\",\"datePublished\":\"2025-10-12T08:58:38+00:00\",\"dateModified\":\"2025-11-23T00:44:24+00:00\",\"breadcrumb\":{\"@id\":\"https:\\\/\\\/yourlifeatlas.com\\\/user-groups\\\/#breadcrumb\"},\"inLanguage\":\"pt-BR\",\"potentialAction\":[{\"@type\":\"ReadAction\",\"target\":[\"https:\\\/\\\/yourlifeatlas.com\\\/user-groups\\\/\"]}]},{\"@type\":\"ImageObject\",\"inLanguage\":\"pt-BR\",\"@id\":\"https:\\\/\\\/yourlifeatlas.com\\\/user-groups\\\/#primaryimage\",\"url\":\"https:\\\/\\\/yourlifeatlas.com\\\/wp-content\\\/uploads\\\/2025\\\/10\\\/user-group1.webp\",\"contentUrl\":\"https:\\\/\\\/yourlifeatlas.com\\\/wp-content\\\/uploads\\\/2025\\\/10\\\/user-group1.webp\"},{\"@type\":\"BreadcrumbList\",\"@id\":\"https:\\\/\\\/yourlifeatlas.com\\\/user-groups\\\/#breadcrumb\",\"itemListElement\":[{\"@type\":\"ListItem\",\"position\":1,\"name\":\"Home\",\"item\":\"https:\\\/\\\/yourlifeatlas.com\\\/\"},{\"@type\":\"ListItem\",\"position\":2,\"name\":\"User Groups\"}]},{\"@type\":\"WebSite\",\"@id\":\"https:\\\/\\\/yourlifeatlas.com\\\/#website\",\"url\":\"https:\\\/\\\/yourlifeatlas.com\\\/\",\"name\":\"Life Atlas\",\"description\":\"\",\"potentialAction\":[{\"@type\":\"SearchAction\",\"target\":{\"@type\":\"EntryPoint\",\"urlTemplate\":\"https:\\\/\\\/yourlifeatlas.com\\\/?s={search_term_string}\"},\"query-input\":{\"@type\":\"PropertyValueSpecification\",\"valueRequired\":true,\"valueName\":\"search_term_string\"}}],\"inLanguage\":\"pt-BR\"}]}<\/script>\n<!-- \/ Yoast SEO Premium plugin. -->","yoast_head_json":{"title":"User Groups - Life Atlas","robots":{"index":"index","follow":"follow","max-snippet":"max-snippet:-1","max-image-preview":"max-image-preview:large","max-video-preview":"max-video-preview:-1"},"canonical":"https:\/\/yourlifeatlas.com\/pt\/user-groups\/","og_locale":"pt_BR","og_type":"article","og_title":"User Groups","og_description":"User Groups Empowering Growth Across Life &amp; Work Supporting Growth in Life &#038; Work Higher Education Life Atlas\u00ae assists students in discovering their natural talents, clarifying their purpose, and advancing personal growth through a dynamic suite of online tools that build self-awareness, resilience, and direction. By fostering a shared sense of understanding of individual strengths [&hellip;]","og_url":"https:\/\/yourlifeatlas.com\/pt\/user-groups\/","og_site_name":"Life Atlas","article_modified_time":"2025-11-23T00:44:24+00:00","og_image":[{"url":"https:\/\/yourlifeatlas.com\/wp-content\/uploads\/2025\/10\/user-group1.webp","type":"","width":"","height":""}],"twitter_card":"summary_large_image","twitter_misc":{"Est. tempo de leitura":"1 minuto"},"schema":{"@context":"https:\/\/schema.org","@graph":[{"@type":"WebPage","@id":"https:\/\/yourlifeatlas.com\/user-groups\/","url":"https:\/\/yourlifeatlas.com\/user-groups\/","name":"User Groups - Life Atlas","isPartOf":{"@id":"https:\/\/yourlifeatlas.com\/#website"},"primaryImageOfPage":{"@id":"https:\/\/yourlifeatlas.com\/user-groups\/#primaryimage"},"image":{"@id":"https:\/\/yourlifeatlas.com\/user-groups\/#primaryimage"},"thumbnailUrl":"https:\/\/yourlifeatlas.com\/wp-content\/uploads\/2025\/10\/user-group1.webp","datePublished":"2025-10-12T08:58:38+00:00","dateModified":"2025-11-23T00:44:24+00:00","breadcrumb":{"@id":"https:\/\/yourlifeatlas.com\/user-groups\/#breadcrumb"},"inLanguage":"pt-BR","potentialAction":[{"@type":"ReadAction","target":["https:\/\/yourlifeatlas.com\/user-groups\/"]}]},{"@type":"ImageObject","inLanguage":"pt-BR","@id":"https:\/\/yourlifeatlas.com\/user-groups\/#primaryimage","url":"https:\/\/yourlifeatlas.com\/wp-content\/uploads\/2025\/10\/user-group1.webp","contentUrl":"https:\/\/yourlifeatlas.com\/wp-content\/uploads\/2025\/10\/user-group1.webp"},{"@type":"BreadcrumbList","@id":"https:\/\/yourlifeatlas.com\/user-groups\/#breadcrumb","itemListElement":[{"@type":"ListItem","position":1,"name":"Home","item":"https:\/\/yourlifeatlas.com\/"},{"@type":"ListItem","position":2,"name":"User Groups"}]},{"@type":"WebSite","@id":"https:\/\/yourlifeatlas.com\/#website","url":"https:\/\/yourlifeatlas.com\/","name":"Atlas da Vida","description":"","potentialAction":[{"@type":"SearchAction","target":{"@type":"EntryPoint","urlTemplate":"https:\/\/yourlifeatlas.com\/?s={search_term_string}"},"query-input":{"@type":"PropertyValueSpecification","valueRequired":true,"valueName":"search_term_string"}}],"inLanguage":"pt-BR"}]}},"_links":{"self":[{"href":"https:\/\/yourlifeatlas.com\/pt\/wp-json\/wp\/v2\/pages\/199","targetHints":{"allow":["GET"]}}],"collection":[{"href":"https:\/\/yourlifeatlas.com\/pt\/wp-json\/wp\/v2\/pages"}],"about":[{"href":"https:\/\/yourlifeatlas.com\/pt\/wp-json\/wp\/v2\/types\/page"}],"author":[{"embeddable":true,"href":"https:\/\/yourlifeatlas.com\/pt\/wp-json\/wp\/v2\/users\/2"}],"replies":[{"embeddable":true,"href":"https:\/\/yourlifeatlas.com\/pt\/wp-json\/wp\/v2\/comments?post=199"}],"version-history":[{"count":1,"href":"https:\/\/yourlifeatlas.com\/pt\/wp-json\/wp\/v2\/pages\/199\/revisions"}],"predecessor-version":[{"id":200,"href":"https:\/\/yourlifeatlas.com\/pt\/wp-json\/wp\/v2\/pages\/199\/revisions\/200"}],"wp:attachment":[{"href":"https:\/\/yourlifeatlas.com\/pt\/wp-json\/wp\/v2\/media?parent=199"}],"curies":[{"name":"wp","href":"https:\/\/api.w.org\/{rel}","templated":true}]}}